{"id":27471,"date":"2025-05-13T12:50:24","date_gmt":"2025-05-13T10:50:24","guid":{"rendered":"https:\/\/distillerie-maralpa.fr\/?post_type=product&#038;p=27471"},"modified":"2026-04-17T19:02:16","modified_gmt":"2026-04-17T17:02:16","slug":"menthe-douceur-2024","status":"publish","type":"product","link":"https:\/\/distillerie-maralpa.fr\/en\/product\/menthe-douceur-2024\/","title":{"rendered":"Menthe \u00ab\u00a0Douceur\u00a0\u00bb 2025"},"content":{"rendered":"<p><strong data-start=\"171\" data-end=\"239\">Une Menthe issue de deux vari\u00e9t\u00e9s biologiques, cueillie fra\u00eeche.<\/strong><\/p>\n<p><br data-start=\"239\" data-end=\"242\" \/>R\u00e9colt\u00e9e le matin aux environs de Grasse, elle associe avec justesse la Menthe Nanah (ou marocaine) et la Menthe Poivr\u00e9e.<br \/>\nInfus\u00e9e quelques jours puis enti\u00e8rement distill\u00e9e dans notre alambic en cuivre, elle r\u00e9v\u00e8le une texture nappante et une fra\u00eecheur agr\u00e9able, sans exc\u00e8s de menthol.<\/p>\n<p>Un \u00e9quilibre subtil de sucre vient sublimer son intensit\u00e9 v\u00e9g\u00e9tale, pour une liqueur pure, vive et \u00e9l\u00e9gante.<\/p>\n<p><!--more--><\/p>\n<p><strong>CONSEILS DE CONSOMMATION<\/strong><br \/>\nA d\u00e9guster pur et bien frais, sorti du frigo pour un digestif parfait, aromatique et nappant.<\/p>\n<p><strong>VOLUME<br \/>\n<\/strong>50 cl<\/p>\n<p><strong>ABV<\/strong><br \/>\n26\u00b0<\/p>\n<p><strong>MILLESIME<br \/>\n<\/strong>2025<\/p>\n<p><strong>ID\u00c9E COCKTAIL<\/strong><\/p>\n<h3 data-start=\"146\" data-end=\"173\">\ud83c\udf3f <strong data-start=\"153\" data-end=\"171\">Maralpito<\/strong><\/h3>\n<p data-start=\"174\" data-end=\"239\"><em data-start=\"174\" data-end=\"237\">(revisite raffin\u00e9e du mojito)<\/em><\/p>\n<p style=\"padding-left: 40px;\" data-start=\"243\" data-end=\"275\">4 cl liqueur de Menthe Maralpa<br \/>\n3 cl jus de citron vert frais<br \/>\n1 cl sirop de sucre (facultatif selon go\u00fbt)<br \/>\nAllonger avec 8 cl d\u2019eau p\u00e9tillante<br \/>\nServir sur glace<br \/>\nGarnish : brin de menthe fra\u00eeche + zeste de citron vert<\/p>","protected":false},"excerpt":{"rendered":"<p>Liqueur de menthe bio, mariant Menthe Nanah et Menthe Poivr\u00e9e. Distill\u00e9e apr\u00e8s une courte infusion, elle offre une texture soyeuse et une fra\u00eecheur v\u00e9g\u00e9tale \u00e9quilibr\u00e9e.<\/p>","protected":false},"featured_media":27545,"template":"","meta":{"inline_featured_image":false},"product_brand":[],"product_cat":[87],"product_tag":[],"class_list":{"0":"post-27471","1":"product","2":"type-product","3":"status-publish","4":"has-post-thumbnail","6":"product_cat-liqueur","8":"first","9":"instock","10":"taxable","11":"shipping-taxable","12":"purchasable","13":"product-type-simple"},"yoast_head":"<!-- This site is optimized with the Yoast SEO plugin v25.3 - https:\/\/yoast.com\/wordpress\/plugins\/seo\/ -->\n<title>Menthe &quot;Douceur&quot; 2025 - Distilllerie Maralpa<\/title>\n<meta name=\"description\" content=\"D\u00e9couvrez cette liqueur de Menthe\" \/>\n<meta name=\"robots\" content=\"index, follow, max-snippet:-1, max-image-preview:large, max-video-preview:-1\" \/>\n<link rel=\"canonical\" href=\"https:\/\/distillerie-maralpa.fr\/en\/product\/menthe-douceur-2024\/\" \/>\n<meta property=\"og:locale\" content=\"en_GB\" \/>\n<meta property=\"og:type\" content=\"article\" \/>\n<meta property=\"og:title\" content=\"Menthe &quot;Douceur&quot; 2025 - Distilllerie Maralpa\" \/>\n<meta property=\"og:description\" content=\"D\u00e9couvrez cette liqueur de Menthe\" \/>\n<meta property=\"og:url\" content=\"https:\/\/distillerie-maralpa.fr\/en\/product\/menthe-douceur-2024\/\" \/>\n<meta property=\"og:site_name\" content=\"Distilllerie Maralpa\" \/>\n<meta property=\"article:publisher\" content=\"https:\/\/www.facebook.com\/DistillerieMaralpa\" \/>\n<meta property=\"article:modified_time\" content=\"2026-04-17T17:02:16+00:00\" \/>\n<meta property=\"og:image\" content=\"https:\/\/distillerie-maralpa.fr\/wp-content\/uploads\/2025\/05\/menthe-packshot.png\" \/>\n\t<meta property=\"og:image:width\" content=\"800\" \/>\n\t<meta property=\"og:image:height\" content=\"800\" \/>\n\t<meta property=\"og:image:type\" content=\"image\/png\" \/>\n<meta name=\"twitter:card\" content=\"summary_large_image\" \/>\n<meta name=\"twitter:label1\" content=\"Estimated reading time\" \/>\n\t<meta name=\"twitter:data1\" content=\"1 minute\" \/>\n<script type=\"application\/ld+json\" class=\"yoast-schema-graph\">{\"@context\":\"https:\/\/schema.org\",\"@graph\":[{\"@type\":\"WebPage\",\"@id\":\"https:\/\/distillerie-maralpa.fr\/produit\/menthe-douceur-2024\/\",\"url\":\"https:\/\/distillerie-maralpa.fr\/produit\/menthe-douceur-2024\/\",\"name\":\"Menthe \\\"Douceur\\\" 2025 - Distilllerie Maralpa\",\"isPartOf\":{\"@id\":\"https:\/\/distillerie-maralpa.fr\/#website\"},\"primaryImageOfPage\":{\"@id\":\"https:\/\/distillerie-maralpa.fr\/produit\/menthe-douceur-2024\/#primaryimage\"},\"image\":{\"@id\":\"https:\/\/distillerie-maralpa.fr\/produit\/menthe-douceur-2024\/#primaryimage\"},\"thumbnailUrl\":\"https:\/\/distillerie-maralpa.fr\/wp-content\/uploads\/2025\/05\/menthe-packshot.png\",\"datePublished\":\"2025-05-13T10:50:24+00:00\",\"dateModified\":\"2026-04-17T17:02:16+00:00\",\"description\":\"D\u00e9couvrez cette liqueur de Menthe\",\"breadcrumb\":{\"@id\":\"https:\/\/distillerie-maralpa.fr\/produit\/menthe-douceur-2024\/#breadcrumb\"},\"inLanguage\":\"en-GB\",\"potentialAction\":[{\"@type\":\"ReadAction\",\"target\":[\"https:\/\/distillerie-maralpa.fr\/produit\/menthe-douceur-2024\/\"]}]},{\"@type\":\"ImageObject\",\"inLanguage\":\"en-GB\",\"@id\":\"https:\/\/distillerie-maralpa.fr\/produit\/menthe-douceur-2024\/#primaryimage\",\"url\":\"https:\/\/distillerie-maralpa.fr\/wp-content\/uploads\/2025\/05\/menthe-packshot.png\",\"contentUrl\":\"https:\/\/distillerie-maralpa.fr\/wp-content\/uploads\/2025\/05\/menthe-packshot.png\",\"width\":2480,\"height\":2480},{\"@type\":\"BreadcrumbList\",\"@id\":\"https:\/\/distillerie-maralpa.fr\/produit\/menthe-douceur-2024\/#breadcrumb\",\"itemListElement\":[{\"@type\":\"ListItem\",\"position\":1,\"name\":\"Home\",\"item\":\"https:\/\/distillerie-maralpa.fr\/\"},{\"@type\":\"ListItem\",\"position\":2,\"name\":\"Produits\",\"item\":\"https:\/\/distillerie-maralpa.fr\/mentions-legales\/\"},{\"@type\":\"ListItem\",\"position\":3,\"name\":\"Menthe \u00ab\u00a0Douceur\u00a0\u00bb 2025\"}]},{\"@type\":\"WebSite\",\"@id\":\"https:\/\/distillerie-maralpa.fr\/#website\",\"url\":\"https:\/\/distillerie-maralpa.fr\/\",\"name\":\"Distilllerie Maralpa\",\"description\":\"Distillerie Ni\u00e7oise Artisanale\",\"publisher\":{\"@id\":\"https:\/\/distillerie-maralpa.fr\/#organization\"},\"potentialAction\":[{\"@type\":\"SearchAction\",\"target\":{\"@type\":\"EntryPoint\",\"urlTemplate\":\"https:\/\/distillerie-maralpa.fr\/?s={search_term_string}\"},\"query-input\":{\"@type\":\"PropertyValueSpecification\",\"valueRequired\":true,\"valueName\":\"search_term_string\"}}],\"inLanguage\":\"en-GB\"},{\"@type\":\"Organization\",\"@id\":\"https:\/\/distillerie-maralpa.fr\/#organization\",\"name\":\"Distilllerie Maralpa\",\"url\":\"https:\/\/distillerie-maralpa.fr\/\",\"logo\":{\"@type\":\"ImageObject\",\"inLanguage\":\"en-GB\",\"@id\":\"https:\/\/distillerie-maralpa.fr\/#\/schema\/logo\/image\/\",\"url\":\"https:\/\/distillerie-maralpa.fr\/wp-content\/uploads\/2024\/05\/cropped-LOGOS-MARALPA-FONDEE-A-NICE_bleu-scaled.png\",\"contentUrl\":\"https:\/\/distillerie-maralpa.fr\/wp-content\/uploads\/2024\/05\/cropped-LOGOS-MARALPA-FONDEE-A-NICE_bleu-scaled.png\",\"width\":2194,\"height\":2560,\"caption\":\"Distilllerie Maralpa\"},\"image\":{\"@id\":\"https:\/\/distillerie-maralpa.fr\/#\/schema\/logo\/image\/\"},\"sameAs\":[\"https:\/\/www.facebook.com\/DistillerieMaralpa\",\"https:\/\/www.instagram.com\/distillerie_maralpa\/\"]}]}<\/script>\n<!-- \/ Yoast SEO plugin. -->","yoast_head_json":{"title":"Menthe \"Douceur\" 2025 - Distilllerie Maralpa","description":"D\u00e9couvrez cette liqueur de Menthe","robots":{"index":"index","follow":"follow","max-snippet":"max-snippet:-1","max-image-preview":"max-image-preview:large","max-video-preview":"max-video-preview:-1"},"canonical":"https:\/\/distillerie-maralpa.fr\/en\/product\/menthe-douceur-2024\/","og_locale":"en_GB","og_type":"article","og_title":"Menthe \"Douceur\" 2025 - Distilllerie Maralpa","og_description":"D\u00e9couvrez cette liqueur de Menthe","og_url":"https:\/\/distillerie-maralpa.fr\/en\/product\/menthe-douceur-2024\/","og_site_name":"Distilllerie Maralpa","article_publisher":"https:\/\/www.facebook.com\/DistillerieMaralpa","article_modified_time":"2026-04-17T17:02:16+00:00","og_image":[{"url":"https:\/\/distillerie-maralpa.fr\/wp-content\/uploads\/2025\/05\/menthe-packshot.png","width":800,"height":800,"type":"image\/png"}],"twitter_card":"summary_large_image","twitter_misc":{"Estimated reading time":"1 minute"},"schema":{"@context":"https:\/\/schema.org","@graph":[{"@type":"WebPage","@id":"https:\/\/distillerie-maralpa.fr\/produit\/menthe-douceur-2024\/","url":"https:\/\/distillerie-maralpa.fr\/produit\/menthe-douceur-2024\/","name":"Menthe \"Douceur\" 2025 - Distilllerie Maralpa","isPartOf":{"@id":"https:\/\/distillerie-maralpa.fr\/#website"},"primaryImageOfPage":{"@id":"https:\/\/distillerie-maralpa.fr\/produit\/menthe-douceur-2024\/#primaryimage"},"image":{"@id":"https:\/\/distillerie-maralpa.fr\/produit\/menthe-douceur-2024\/#primaryimage"},"thumbnailUrl":"https:\/\/distillerie-maralpa.fr\/wp-content\/uploads\/2025\/05\/menthe-packshot.png","datePublished":"2025-05-13T10:50:24+00:00","dateModified":"2026-04-17T17:02:16+00:00","description":"D\u00e9couvrez cette liqueur de Menthe","breadcrumb":{"@id":"https:\/\/distillerie-maralpa.fr\/produit\/menthe-douceur-2024\/#breadcrumb"},"inLanguage":"en-GB","potentialAction":[{"@type":"ReadAction","target":["https:\/\/distillerie-maralpa.fr\/produit\/menthe-douceur-2024\/"]}]},{"@type":"ImageObject","inLanguage":"en-GB","@id":"https:\/\/distillerie-maralpa.fr\/produit\/menthe-douceur-2024\/#primaryimage","url":"https:\/\/distillerie-maralpa.fr\/wp-content\/uploads\/2025\/05\/menthe-packshot.png","contentUrl":"https:\/\/distillerie-maralpa.fr\/wp-content\/uploads\/2025\/05\/menthe-packshot.png","width":2480,"height":2480},{"@type":"BreadcrumbList","@id":"https:\/\/distillerie-maralpa.fr\/produit\/menthe-douceur-2024\/#breadcrumb","itemListElement":[{"@type":"ListItem","position":1,"name":"Home","item":"https:\/\/distillerie-maralpa.fr\/"},{"@type":"ListItem","position":2,"name":"Produits","item":"https:\/\/distillerie-maralpa.fr\/mentions-legales\/"},{"@type":"ListItem","position":3,"name":"Menthe \u00ab\u00a0Douceur\u00a0\u00bb 2025"}]},{"@type":"WebSite","@id":"https:\/\/distillerie-maralpa.fr\/#website","url":"https:\/\/distillerie-maralpa.fr\/","name":"Distilllerie Maralpa","description":"Distillerie Ni\u00e7oise Artisanale","publisher":{"@id":"https:\/\/distillerie-maralpa.fr\/#organization"},"potentialAction":[{"@type":"SearchAction","target":{"@type":"EntryPoint","urlTemplate":"https:\/\/distillerie-maralpa.fr\/?s={search_term_string}"},"query-input":{"@type":"PropertyValueSpecification","valueRequired":true,"valueName":"search_term_string"}}],"inLanguage":"en-GB"},{"@type":"Organization","@id":"https:\/\/distillerie-maralpa.fr\/#organization","name":"Distilllerie Maralpa","url":"https:\/\/distillerie-maralpa.fr\/","logo":{"@type":"ImageObject","inLanguage":"en-GB","@id":"https:\/\/distillerie-maralpa.fr\/#\/schema\/logo\/image\/","url":"https:\/\/distillerie-maralpa.fr\/wp-content\/uploads\/2024\/05\/cropped-LOGOS-MARALPA-FONDEE-A-NICE_bleu-scaled.png","contentUrl":"https:\/\/distillerie-maralpa.fr\/wp-content\/uploads\/2024\/05\/cropped-LOGOS-MARALPA-FONDEE-A-NICE_bleu-scaled.png","width":2194,"height":2560,"caption":"Distilllerie Maralpa"},"image":{"@id":"https:\/\/distillerie-maralpa.fr\/#\/schema\/logo\/image\/"},"sameAs":["https:\/\/www.facebook.com\/DistillerieMaralpa","https:\/\/www.instagram.com\/distillerie_maralpa\/"]}]}},"_links":{"self":[{"href":"https:\/\/distillerie-maralpa.fr\/en\/wp-json\/wp\/v2\/product\/27471","targetHints":{"allow":["GET"]}}],"collection":[{"href":"https:\/\/distillerie-maralpa.fr\/en\/wp-json\/wp\/v2\/product"}],"about":[{"href":"https:\/\/distillerie-maralpa.fr\/en\/wp-json\/wp\/v2\/types\/product"}],"wp:featuredmedia":[{"embeddable":true,"href":"https:\/\/distillerie-maralpa.fr\/en\/wp-json\/wp\/v2\/media\/27545"}],"wp:attachment":[{"href":"https:\/\/distillerie-maralpa.fr\/en\/wp-json\/wp\/v2\/media?parent=27471"}],"wp:term":[{"taxonomy":"product_brand","embeddable":true,"href":"https:\/\/distillerie-maralpa.fr\/en\/wp-json\/wp\/v2\/product_brand?post=27471"},{"taxonomy":"product_cat","embeddable":true,"href":"https:\/\/distillerie-maralpa.fr\/en\/wp-json\/wp\/v2\/product_cat?post=27471"},{"taxonomy":"product_tag","embeddable":true,"href":"https:\/\/distillerie-maralpa.fr\/en\/wp-json\/wp\/v2\/product_tag?post=27471"}],"curies":[{"name":"wp","href":"https:\/\/api.w.org\/{rel}","templated":true}]}}