{"id":27468,"date":"2025-05-13T12:44:03","date_gmt":"2025-05-13T10:44:03","guid":{"rendered":"https:\/\/distillerie-maralpa.fr\/?post_type=product&#038;p=27468"},"modified":"2026-04-09T22:03:00","modified_gmt":"2026-04-09T20:03:00","slug":"amer-bitter-maralpin","status":"publish","type":"product","link":"https:\/\/distillerie-maralpa.fr\/en\/product\/amer-bitter-maralpin\/","title":{"rendered":"L&rsquo;Amer \u00ab\u00a0Bitter Maralpin\u00a0\u00bb 2025"},"content":{"rendered":"<p>A concentrate of Alpine and Mediterranean botanicals.\nCrafted from local plants, this artisanal bitter offers elegant bitterness, vibrant herbal complexity, and lasting freshness.\nNo artificial coloring. Enjoy it neat, in a spritz, a negroni, or as a bitter substitute in any cocktail. Sant\u00e9!<\/p>\n<p><!--more--><\/p>\n<p><strong>VOLUME<br \/>\n<\/strong>50 cl<\/p>\n<p><strong>ABV<\/strong><br \/>\n24,0\u00b0<\/p>","protected":false},"excerpt":{"rendered":"<p>A concentrate of Alpine and Mediterranean botanicals.\nCrafted from local plants, this artisanal bitter offers elegant bitterness, vibrant herbal complexity, and lasting freshness.\nNo artificial coloring. Enjoy it neat, in a spritz, a negroni, or as a bitter substitute in any cocktail. Sant\u00e9!<\/p>","protected":false},"featured_media":27544,"template":"","meta":{"inline_featured_image":false},"product_brand":[],"product_cat":[74],"product_tag":[],"class_list":{"0":"post-27468","1":"product","2":"type-product","3":"status-publish","4":"has-post-thumbnail","6":"product_cat-maralpa-spiritueux","8":"first","9":"instock","10":"taxable","11":"shipping-taxable","12":"purchasable","13":"product-type-simple"},"yoast_head":"<!-- This site is optimized with the Yoast SEO plugin v25.3 - https:\/\/yoast.com\/wordpress\/plugins\/seo\/ -->\n<title>L&#039;Amer &quot;Bitter Maralpin&quot; 2025 - Distilllerie Maralpa<\/title>\n<meta name=\"robots\" content=\"index, follow, max-snippet:-1, max-image-preview:large, max-video-preview:-1\" \/>\n<link rel=\"canonical\" href=\"https:\/\/distillerie-maralpa.fr\/en\/product\/amer-bitter-maralpin\/\" \/>\n<meta property=\"og:locale\" content=\"en_GB\" \/>\n<meta property=\"og:type\" content=\"article\" \/>\n<meta property=\"og:title\" content=\"L&#039;Amer &quot;Bitter Maralpin&quot; 2025 - Distilllerie Maralpa\" \/>\n<meta property=\"og:description\" content=\"Un concentr\u00e9 de botaniques Alpines et M\u00e9diterran\u00e9ennes. \u00c9labor\u00e9 \u00e0 partir de plantes locales, cet amer artisanal r\u00e9v\u00e8le une amertume \u00e9l\u00e9gante, une belle complexit\u00e9 v\u00e9g\u00e9tale et une fra\u00eecheur persistante. Sans coloration artificielle. \u00c0 d\u00e9guster pur, en spritz, en negroni ou dans tout cocktails en remplacement d&rsquo;un bitter. Sant\u00e9 !\" \/>\n<meta property=\"og:url\" content=\"https:\/\/distillerie-maralpa.fr\/en\/product\/amer-bitter-maralpin\/\" \/>\n<meta property=\"og:site_name\" content=\"Distilllerie Maralpa\" \/>\n<meta property=\"article:publisher\" content=\"https:\/\/www.facebook.com\/DistillerieMaralpa\" \/>\n<meta property=\"article:modified_time\" content=\"2026-04-09T20:03:00+00:00\" \/>\n<meta property=\"og:image\" content=\"https:\/\/distillerie-maralpa.fr\/wp-content\/uploads\/2025\/05\/lamer-packshot.png\" \/>\n\t<meta property=\"og:image:width\" content=\"800\" \/>\n\t<meta property=\"og:image:height\" content=\"800\" \/>\n\t<meta property=\"og:image:type\" content=\"image\/png\" \/>\n<meta name=\"twitter:card\" content=\"summary_large_image\" \/>\n<meta name=\"twitter:label1\" content=\"Estimated reading time\" \/>\n\t<meta name=\"twitter:data1\" content=\"1 minute\" \/>\n<script type=\"application\/ld+json\" class=\"yoast-schema-graph\">{\"@context\":\"https:\/\/schema.org\",\"@graph\":[{\"@type\":\"WebPage\",\"@id\":\"https:\/\/distillerie-maralpa.fr\/produit\/amer-bitter-maralpin\/\",\"url\":\"https:\/\/distillerie-maralpa.fr\/produit\/amer-bitter-maralpin\/\",\"name\":\"L'Amer \\\"Bitter Maralpin\\\" 2025 - Distilllerie Maralpa\",\"isPartOf\":{\"@id\":\"https:\/\/distillerie-maralpa.fr\/#website\"},\"primaryImageOfPage\":{\"@id\":\"https:\/\/distillerie-maralpa.fr\/produit\/amer-bitter-maralpin\/#primaryimage\"},\"image\":{\"@id\":\"https:\/\/distillerie-maralpa.fr\/produit\/amer-bitter-maralpin\/#primaryimage\"},\"thumbnailUrl\":\"https:\/\/distillerie-maralpa.fr\/wp-content\/uploads\/2025\/05\/lamer-packshot.png\",\"datePublished\":\"2025-05-13T10:44:03+00:00\",\"dateModified\":\"2026-04-09T20:03:00+00:00\",\"breadcrumb\":{\"@id\":\"https:\/\/distillerie-maralpa.fr\/produit\/amer-bitter-maralpin\/#breadcrumb\"},\"inLanguage\":\"en-GB\",\"potentialAction\":[{\"@type\":\"ReadAction\",\"target\":[\"https:\/\/distillerie-maralpa.fr\/produit\/amer-bitter-maralpin\/\"]}]},{\"@type\":\"ImageObject\",\"inLanguage\":\"en-GB\",\"@id\":\"https:\/\/distillerie-maralpa.fr\/produit\/amer-bitter-maralpin\/#primaryimage\",\"url\":\"https:\/\/distillerie-maralpa.fr\/wp-content\/uploads\/2025\/05\/lamer-packshot.png\",\"contentUrl\":\"https:\/\/distillerie-maralpa.fr\/wp-content\/uploads\/2025\/05\/lamer-packshot.png\",\"width\":2480,\"height\":2480},{\"@type\":\"BreadcrumbList\",\"@id\":\"https:\/\/distillerie-maralpa.fr\/produit\/amer-bitter-maralpin\/#breadcrumb\",\"itemListElement\":[{\"@type\":\"ListItem\",\"position\":1,\"name\":\"Home\",\"item\":\"https:\/\/distillerie-maralpa.fr\/\"},{\"@type\":\"ListItem\",\"position\":2,\"name\":\"Produits\",\"item\":\"https:\/\/distillerie-maralpa.fr\/mentions-legales\/\"},{\"@type\":\"ListItem\",\"position\":3,\"name\":\"L&rsquo;Amer \u00ab\u00a0Bitter Maralpin\u00a0\u00bb 2025\"}]},{\"@type\":\"WebSite\",\"@id\":\"https:\/\/distillerie-maralpa.fr\/#website\",\"url\":\"https:\/\/distillerie-maralpa.fr\/\",\"name\":\"Distilllerie Maralpa\",\"description\":\"Distillerie Ni\u00e7oise Artisanale\",\"publisher\":{\"@id\":\"https:\/\/distillerie-maralpa.fr\/#organization\"},\"potentialAction\":[{\"@type\":\"SearchAction\",\"target\":{\"@type\":\"EntryPoint\",\"urlTemplate\":\"https:\/\/distillerie-maralpa.fr\/?s={search_term_string}\"},\"query-input\":{\"@type\":\"PropertyValueSpecification\",\"valueRequired\":true,\"valueName\":\"search_term_string\"}}],\"inLanguage\":\"en-GB\"},{\"@type\":\"Organization\",\"@id\":\"https:\/\/distillerie-maralpa.fr\/#organization\",\"name\":\"Distilllerie Maralpa\",\"url\":\"https:\/\/distillerie-maralpa.fr\/\",\"logo\":{\"@type\":\"ImageObject\",\"inLanguage\":\"en-GB\",\"@id\":\"https:\/\/distillerie-maralpa.fr\/#\/schema\/logo\/image\/\",\"url\":\"https:\/\/distillerie-maralpa.fr\/wp-content\/uploads\/2024\/05\/cropped-LOGOS-MARALPA-FONDEE-A-NICE_bleu-scaled.png\",\"contentUrl\":\"https:\/\/distillerie-maralpa.fr\/wp-content\/uploads\/2024\/05\/cropped-LOGOS-MARALPA-FONDEE-A-NICE_bleu-scaled.png\",\"width\":2194,\"height\":2560,\"caption\":\"Distilllerie Maralpa\"},\"image\":{\"@id\":\"https:\/\/distillerie-maralpa.fr\/#\/schema\/logo\/image\/\"},\"sameAs\":[\"https:\/\/www.facebook.com\/DistillerieMaralpa\",\"https:\/\/www.instagram.com\/distillerie_maralpa\/\"]}]}<\/script>\n<!-- \/ Yoast SEO plugin. -->","yoast_head_json":{"title":"L'Amer \"Bitter Maralpin\" 2025 - Distilllerie Maralpa","robots":{"index":"index","follow":"follow","max-snippet":"max-snippet:-1","max-image-preview":"max-image-preview:large","max-video-preview":"max-video-preview:-1"},"canonical":"https:\/\/distillerie-maralpa.fr\/en\/product\/amer-bitter-maralpin\/","og_locale":"en_GB","og_type":"article","og_title":"L'Amer \"Bitter Maralpin\" 2025 - Distilllerie Maralpa","og_description":"Un concentr\u00e9 de botaniques Alpines et M\u00e9diterran\u00e9ennes. \u00c9labor\u00e9 \u00e0 partir de plantes locales, cet amer artisanal r\u00e9v\u00e8le une amertume \u00e9l\u00e9gante, une belle complexit\u00e9 v\u00e9g\u00e9tale et une fra\u00eecheur persistante. Sans coloration artificielle. \u00c0 d\u00e9guster pur, en spritz, en negroni ou dans tout cocktails en remplacement d&rsquo;un bitter. Sant\u00e9 !","og_url":"https:\/\/distillerie-maralpa.fr\/en\/product\/amer-bitter-maralpin\/","og_site_name":"Distilllerie Maralpa","article_publisher":"https:\/\/www.facebook.com\/DistillerieMaralpa","article_modified_time":"2026-04-09T20:03:00+00:00","og_image":[{"url":"https:\/\/distillerie-maralpa.fr\/wp-content\/uploads\/2025\/05\/lamer-packshot.png","width":800,"height":800,"type":"image\/png"}],"twitter_card":"summary_large_image","twitter_misc":{"Estimated reading time":"1 minute"},"schema":{"@context":"https:\/\/schema.org","@graph":[{"@type":"WebPage","@id":"https:\/\/distillerie-maralpa.fr\/produit\/amer-bitter-maralpin\/","url":"https:\/\/distillerie-maralpa.fr\/produit\/amer-bitter-maralpin\/","name":"L'Amer \"Bitter Maralpin\" 2025 - Distilllerie Maralpa","isPartOf":{"@id":"https:\/\/distillerie-maralpa.fr\/#website"},"primaryImageOfPage":{"@id":"https:\/\/distillerie-maralpa.fr\/produit\/amer-bitter-maralpin\/#primaryimage"},"image":{"@id":"https:\/\/distillerie-maralpa.fr\/produit\/amer-bitter-maralpin\/#primaryimage"},"thumbnailUrl":"https:\/\/distillerie-maralpa.fr\/wp-content\/uploads\/2025\/05\/lamer-packshot.png","datePublished":"2025-05-13T10:44:03+00:00","dateModified":"2026-04-09T20:03:00+00:00","breadcrumb":{"@id":"https:\/\/distillerie-maralpa.fr\/produit\/amer-bitter-maralpin\/#breadcrumb"},"inLanguage":"en-GB","potentialAction":[{"@type":"ReadAction","target":["https:\/\/distillerie-maralpa.fr\/produit\/amer-bitter-maralpin\/"]}]},{"@type":"ImageObject","inLanguage":"en-GB","@id":"https:\/\/distillerie-maralpa.fr\/produit\/amer-bitter-maralpin\/#primaryimage","url":"https:\/\/distillerie-maralpa.fr\/wp-content\/uploads\/2025\/05\/lamer-packshot.png","contentUrl":"https:\/\/distillerie-maralpa.fr\/wp-content\/uploads\/2025\/05\/lamer-packshot.png","width":2480,"height":2480},{"@type":"BreadcrumbList","@id":"https:\/\/distillerie-maralpa.fr\/produit\/amer-bitter-maralpin\/#breadcrumb","itemListElement":[{"@type":"ListItem","position":1,"name":"Home","item":"https:\/\/distillerie-maralpa.fr\/"},{"@type":"ListItem","position":2,"name":"Produits","item":"https:\/\/distillerie-maralpa.fr\/mentions-legales\/"},{"@type":"ListItem","position":3,"name":"L&rsquo;Amer \u00ab\u00a0Bitter Maralpin\u00a0\u00bb 2025"}]},{"@type":"WebSite","@id":"https:\/\/distillerie-maralpa.fr\/#website","url":"https:\/\/distillerie-maralpa.fr\/","name":"Distilllerie Maralpa","description":"Distillerie Ni\u00e7oise Artisanale","publisher":{"@id":"https:\/\/distillerie-maralpa.fr\/#organization"},"potentialAction":[{"@type":"SearchAction","target":{"@type":"EntryPoint","urlTemplate":"https:\/\/distillerie-maralpa.fr\/?s={search_term_string}"},"query-input":{"@type":"PropertyValueSpecification","valueRequired":true,"valueName":"search_term_string"}}],"inLanguage":"en-GB"},{"@type":"Organization","@id":"https:\/\/distillerie-maralpa.fr\/#organization","name":"Distilllerie Maralpa","url":"https:\/\/distillerie-maralpa.fr\/","logo":{"@type":"ImageObject","inLanguage":"en-GB","@id":"https:\/\/distillerie-maralpa.fr\/#\/schema\/logo\/image\/","url":"https:\/\/distillerie-maralpa.fr\/wp-content\/uploads\/2024\/05\/cropped-LOGOS-MARALPA-FONDEE-A-NICE_bleu-scaled.png","contentUrl":"https:\/\/distillerie-maralpa.fr\/wp-content\/uploads\/2024\/05\/cropped-LOGOS-MARALPA-FONDEE-A-NICE_bleu-scaled.png","width":2194,"height":2560,"caption":"Distilllerie Maralpa"},"image":{"@id":"https:\/\/distillerie-maralpa.fr\/#\/schema\/logo\/image\/"},"sameAs":["https:\/\/www.facebook.com\/DistillerieMaralpa","https:\/\/www.instagram.com\/distillerie_maralpa\/"]}]}},"_links":{"self":[{"href":"https:\/\/distillerie-maralpa.fr\/en\/wp-json\/wp\/v2\/product\/27468","targetHints":{"allow":["GET"]}}],"collection":[{"href":"https:\/\/distillerie-maralpa.fr\/en\/wp-json\/wp\/v2\/product"}],"about":[{"href":"https:\/\/distillerie-maralpa.fr\/en\/wp-json\/wp\/v2\/types\/product"}],"wp:featuredmedia":[{"embeddable":true,"href":"https:\/\/distillerie-maralpa.fr\/en\/wp-json\/wp\/v2\/media\/27544"}],"wp:attachment":[{"href":"https:\/\/distillerie-maralpa.fr\/en\/wp-json\/wp\/v2\/media?parent=27468"}],"wp:term":[{"taxonomy":"product_brand","embeddable":true,"href":"https:\/\/distillerie-maralpa.fr\/en\/wp-json\/wp\/v2\/product_brand?post=27468"},{"taxonomy":"product_cat","embeddable":true,"href":"https:\/\/distillerie-maralpa.fr\/en\/wp-json\/wp\/v2\/product_cat?post=27468"},{"taxonomy":"product_tag","embeddable":true,"href":"https:\/\/distillerie-maralpa.fr\/en\/wp-json\/wp\/v2\/product_tag?post=27468"}],"curies":[{"name":"wp","href":"https:\/\/api.w.org\/{rel}","templated":true}]}}