{"id":27357,"date":"2024-08-05T17:21:30","date_gmt":"2024-08-05T15:21:30","guid":{"rendered":"https:\/\/distillerie-maralpa.fr\/?post_type=product&#038;p=27357"},"modified":"2026-04-09T17:11:58","modified_gmt":"2026-04-09T15:11:58","slug":"pastis-daqui","status":"publish","type":"product","link":"https:\/\/distillerie-maralpa.fr\/en\/product\/pastis-daqui\/","title":{"rendered":"Pastis d&rsquo;Aqui"},"content":{"rendered":"<p>An artisanal pastis, true to tradition yet rooted in its terroir.\nCarefully crafted from a selection of botanicals, it reveals the classic profile of traditional pastis, with a refreshing aniseed note subtly enhanced by anise hyssop.\nBest enjoyed diluted, at the easygoing pace of the South of France. Sant\u00e9<\/p>\n<p><!--more--><\/p>\n<p><strong>VOLUME<br \/>\n<\/strong>50 cl<\/p>\n<p><strong>ABV<\/strong><br \/>\n44,0\u00b0<\/p>\n<p><img decoding=\"async\" class=\"wp-image-27646 aligncenter\" src=\"https:\/\/distillerie-maralpa.fr\/wp-content\/uploads\/2024\/08\/movida-x-maralpa-297x300.jpg\" alt=\"\" width=\"76\" height=\"77\" srcset=\"https:\/\/distillerie-maralpa.fr\/wp-content\/uploads\/2024\/08\/movida-x-maralpa-297x300.jpg 297w, https:\/\/distillerie-maralpa.fr\/wp-content\/uploads\/2024\/08\/movida-x-maralpa-150x150.jpg 150w, https:\/\/distillerie-maralpa.fr\/wp-content\/uploads\/2024\/08\/movida-x-maralpa-100x100.jpg 100w, https:\/\/distillerie-maralpa.fr\/wp-content\/uploads\/2024\/08\/movida-x-maralpa-50x50.jpg 50w, https:\/\/distillerie-maralpa.fr\/wp-content\/uploads\/2024\/08\/movida-x-maralpa.jpg 660w\" sizes=\"(max-width: 76px) 100vw, 76px\" \/><\/p>\n<p>Our Pastis was awarded a Silver Medal at the 2025 International Competition in Lyon<\/p>","protected":false},"excerpt":{"rendered":"<p><span style=\"font-weight: 400;\">Un Pastis ! Nous ne pouvions pas ne pas en \u00e9laborer un.<\/span><\/p>\n<p><span style=\"font-weight: 400;\">Nous adorons \u00e7a, et en tant que distillerie fran\u00e7aise il est de notre devoir de proposer notre pastis artisanal.<\/span><\/p>\n<p><span style=\"font-weight: 400;\">Pastis \u00ab\u00a0douceur\u00a0\u00bb, plein de fra\u00eecheur &#8211; nous sommes rest\u00e9s simples sur la composition pour respecter la tradition, en apportant simplement un twist original et local avec l\u2019Agastache Anis\u00e9e cultiv\u00e9e par notre amie L\u00e9o. <\/span><\/p>\n<p><span style=\"font-weight: 400;\">Z\u00e9ro sucre. Z\u00e9ro colorants. Naturel.<\/span><\/p>","protected":false},"featured_media":27546,"template":"","meta":{"inline_featured_image":false},"product_brand":[],"product_cat":[74],"product_tag":[],"class_list":{"0":"post-27357","1":"product","2":"type-product","3":"status-publish","4":"has-post-thumbnail","6":"product_cat-maralpa-spiritueux","8":"first","9":"instock","10":"taxable","11":"shipping-taxable","12":"purchasable","13":"product-type-simple"},"yoast_head":"<!-- This site is optimized with the Yoast SEO plugin v25.3 - https:\/\/yoast.com\/wordpress\/plugins\/seo\/ -->\n<title>Pastis d&#039;Aqui - Distilllerie Maralpa<\/title>\n<meta name=\"description\" content=\"Pastis Artisanal enti\u00e8rement fabriqu\u00e9 \u00e0 Nice. \u00c9labor\u00e9 avec passion et pr\u00e9cision, profitez de ce grand classique de l&#039;ap\u00e9ritif fran\u00e7ais - au naturel !\" \/>\n<meta name=\"robots\" content=\"index, follow, max-snippet:-1, max-image-preview:large, max-video-preview:-1\" \/>\n<link rel=\"canonical\" href=\"https:\/\/distillerie-maralpa.fr\/en\/product\/pastis-daqui\/\" \/>\n<meta property=\"og:locale\" content=\"en_GB\" \/>\n<meta property=\"og:type\" content=\"article\" \/>\n<meta property=\"og:title\" content=\"Pastis d&#039;Aqui - Distilllerie Maralpa\" \/>\n<meta property=\"og:description\" content=\"Pastis Artisanal enti\u00e8rement fabriqu\u00e9 \u00e0 Nice. \u00c9labor\u00e9 avec passion et pr\u00e9cision, profitez de ce grand classique de l&#039;ap\u00e9ritif fran\u00e7ais - au naturel !\" \/>\n<meta property=\"og:url\" content=\"https:\/\/distillerie-maralpa.fr\/en\/product\/pastis-daqui\/\" \/>\n<meta property=\"og:site_name\" content=\"Distilllerie Maralpa\" \/>\n<meta property=\"article:publisher\" content=\"https:\/\/www.facebook.com\/DistillerieMaralpa\" \/>\n<meta property=\"article:modified_time\" content=\"2026-04-09T15:11:58+00:00\" \/>\n<meta property=\"og:image\" content=\"https:\/\/distillerie-maralpa.fr\/wp-content\/uploads\/2025\/05\/pastis-packshot.png\" \/>\n\t<meta property=\"og:image:width\" content=\"800\" \/>\n\t<meta property=\"og:image:height\" content=\"800\" \/>\n\t<meta property=\"og:image:type\" content=\"image\/png\" \/>\n<meta name=\"twitter:card\" content=\"summary_large_image\" \/>\n<meta name=\"twitter:label1\" content=\"Estimated reading time\" \/>\n\t<meta name=\"twitter:data1\" content=\"1 minute\" \/>\n<script type=\"application\/ld+json\" class=\"yoast-schema-graph\">{\"@context\":\"https:\/\/schema.org\",\"@graph\":[{\"@type\":\"WebPage\",\"@id\":\"https:\/\/distillerie-maralpa.fr\/produit\/pastis-daqui\/\",\"url\":\"https:\/\/distillerie-maralpa.fr\/produit\/pastis-daqui\/\",\"name\":\"Pastis d'Aqui - Distilllerie Maralpa\",\"isPartOf\":{\"@id\":\"https:\/\/distillerie-maralpa.fr\/#website\"},\"primaryImageOfPage\":{\"@id\":\"https:\/\/distillerie-maralpa.fr\/produit\/pastis-daqui\/#primaryimage\"},\"image\":{\"@id\":\"https:\/\/distillerie-maralpa.fr\/produit\/pastis-daqui\/#primaryimage\"},\"thumbnailUrl\":\"https:\/\/distillerie-maralpa.fr\/wp-content\/uploads\/2025\/05\/pastis-packshot.png\",\"datePublished\":\"2024-08-05T15:21:30+00:00\",\"dateModified\":\"2026-04-09T15:11:58+00:00\",\"description\":\"Pastis Artisanal enti\u00e8rement fabriqu\u00e9 \u00e0 Nice. \u00c9labor\u00e9 avec passion et pr\u00e9cision, profitez de ce grand classique de l'ap\u00e9ritif fran\u00e7ais - au naturel !\",\"breadcrumb\":{\"@id\":\"https:\/\/distillerie-maralpa.fr\/produit\/pastis-daqui\/#breadcrumb\"},\"inLanguage\":\"en-GB\",\"potentialAction\":[{\"@type\":\"ReadAction\",\"target\":[\"https:\/\/distillerie-maralpa.fr\/produit\/pastis-daqui\/\"]}]},{\"@type\":\"ImageObject\",\"inLanguage\":\"en-GB\",\"@id\":\"https:\/\/distillerie-maralpa.fr\/produit\/pastis-daqui\/#primaryimage\",\"url\":\"https:\/\/distillerie-maralpa.fr\/wp-content\/uploads\/2025\/05\/pastis-packshot.png\",\"contentUrl\":\"https:\/\/distillerie-maralpa.fr\/wp-content\/uploads\/2025\/05\/pastis-packshot.png\",\"width\":2480,\"height\":2480},{\"@type\":\"BreadcrumbList\",\"@id\":\"https:\/\/distillerie-maralpa.fr\/produit\/pastis-daqui\/#breadcrumb\",\"itemListElement\":[{\"@type\":\"ListItem\",\"position\":1,\"name\":\"Home\",\"item\":\"https:\/\/distillerie-maralpa.fr\/\"},{\"@type\":\"ListItem\",\"position\":2,\"name\":\"Produits\",\"item\":\"https:\/\/distillerie-maralpa.fr\/mentions-legales\/\"},{\"@type\":\"ListItem\",\"position\":3,\"name\":\"Pastis d&rsquo;Aqui\"}]},{\"@type\":\"WebSite\",\"@id\":\"https:\/\/distillerie-maralpa.fr\/#website\",\"url\":\"https:\/\/distillerie-maralpa.fr\/\",\"name\":\"Distilllerie Maralpa\",\"description\":\"Distillerie Ni\u00e7oise Artisanale\",\"publisher\":{\"@id\":\"https:\/\/distillerie-maralpa.fr\/#organization\"},\"potentialAction\":[{\"@type\":\"SearchAction\",\"target\":{\"@type\":\"EntryPoint\",\"urlTemplate\":\"https:\/\/distillerie-maralpa.fr\/?s={search_term_string}\"},\"query-input\":{\"@type\":\"PropertyValueSpecification\",\"valueRequired\":true,\"valueName\":\"search_term_string\"}}],\"inLanguage\":\"en-GB\"},{\"@type\":\"Organization\",\"@id\":\"https:\/\/distillerie-maralpa.fr\/#organization\",\"name\":\"Distilllerie Maralpa\",\"url\":\"https:\/\/distillerie-maralpa.fr\/\",\"logo\":{\"@type\":\"ImageObject\",\"inLanguage\":\"en-GB\",\"@id\":\"https:\/\/distillerie-maralpa.fr\/#\/schema\/logo\/image\/\",\"url\":\"https:\/\/distillerie-maralpa.fr\/wp-content\/uploads\/2024\/05\/cropped-LOGOS-MARALPA-FONDEE-A-NICE_bleu-scaled.png\",\"contentUrl\":\"https:\/\/distillerie-maralpa.fr\/wp-content\/uploads\/2024\/05\/cropped-LOGOS-MARALPA-FONDEE-A-NICE_bleu-scaled.png\",\"width\":2194,\"height\":2560,\"caption\":\"Distilllerie Maralpa\"},\"image\":{\"@id\":\"https:\/\/distillerie-maralpa.fr\/#\/schema\/logo\/image\/\"},\"sameAs\":[\"https:\/\/www.facebook.com\/DistillerieMaralpa\",\"https:\/\/www.instagram.com\/distillerie_maralpa\/\"]}]}<\/script>\n<!-- \/ Yoast SEO plugin. -->","yoast_head_json":{"title":"Pastis d'Aqui - Distilllerie Maralpa","description":"Pastis Artisanal enti\u00e8rement fabriqu\u00e9 \u00e0 Nice. \u00c9labor\u00e9 avec passion et pr\u00e9cision, profitez de ce grand classique de l'ap\u00e9ritif fran\u00e7ais - au naturel !","robots":{"index":"index","follow":"follow","max-snippet":"max-snippet:-1","max-image-preview":"max-image-preview:large","max-video-preview":"max-video-preview:-1"},"canonical":"https:\/\/distillerie-maralpa.fr\/en\/product\/pastis-daqui\/","og_locale":"en_GB","og_type":"article","og_title":"Pastis d'Aqui - Distilllerie Maralpa","og_description":"Pastis Artisanal enti\u00e8rement fabriqu\u00e9 \u00e0 Nice. \u00c9labor\u00e9 avec passion et pr\u00e9cision, profitez de ce grand classique de l'ap\u00e9ritif fran\u00e7ais - au naturel !","og_url":"https:\/\/distillerie-maralpa.fr\/en\/product\/pastis-daqui\/","og_site_name":"Distilllerie Maralpa","article_publisher":"https:\/\/www.facebook.com\/DistillerieMaralpa","article_modified_time":"2026-04-09T15:11:58+00:00","og_image":[{"url":"https:\/\/distillerie-maralpa.fr\/wp-content\/uploads\/2025\/05\/pastis-packshot.png","width":800,"height":800,"type":"image\/png"}],"twitter_card":"summary_large_image","twitter_misc":{"Estimated reading time":"1 minute"},"schema":{"@context":"https:\/\/schema.org","@graph":[{"@type":"WebPage","@id":"https:\/\/distillerie-maralpa.fr\/produit\/pastis-daqui\/","url":"https:\/\/distillerie-maralpa.fr\/produit\/pastis-daqui\/","name":"Pastis d'Aqui - Distilllerie Maralpa","isPartOf":{"@id":"https:\/\/distillerie-maralpa.fr\/#website"},"primaryImageOfPage":{"@id":"https:\/\/distillerie-maralpa.fr\/produit\/pastis-daqui\/#primaryimage"},"image":{"@id":"https:\/\/distillerie-maralpa.fr\/produit\/pastis-daqui\/#primaryimage"},"thumbnailUrl":"https:\/\/distillerie-maralpa.fr\/wp-content\/uploads\/2025\/05\/pastis-packshot.png","datePublished":"2024-08-05T15:21:30+00:00","dateModified":"2026-04-09T15:11:58+00:00","description":"Pastis Artisanal enti\u00e8rement fabriqu\u00e9 \u00e0 Nice. \u00c9labor\u00e9 avec passion et pr\u00e9cision, profitez de ce grand classique de l'ap\u00e9ritif fran\u00e7ais - au naturel !","breadcrumb":{"@id":"https:\/\/distillerie-maralpa.fr\/produit\/pastis-daqui\/#breadcrumb"},"inLanguage":"en-GB","potentialAction":[{"@type":"ReadAction","target":["https:\/\/distillerie-maralpa.fr\/produit\/pastis-daqui\/"]}]},{"@type":"ImageObject","inLanguage":"en-GB","@id":"https:\/\/distillerie-maralpa.fr\/produit\/pastis-daqui\/#primaryimage","url":"https:\/\/distillerie-maralpa.fr\/wp-content\/uploads\/2025\/05\/pastis-packshot.png","contentUrl":"https:\/\/distillerie-maralpa.fr\/wp-content\/uploads\/2025\/05\/pastis-packshot.png","width":2480,"height":2480},{"@type":"BreadcrumbList","@id":"https:\/\/distillerie-maralpa.fr\/produit\/pastis-daqui\/#breadcrumb","itemListElement":[{"@type":"ListItem","position":1,"name":"Home","item":"https:\/\/distillerie-maralpa.fr\/"},{"@type":"ListItem","position":2,"name":"Produits","item":"https:\/\/distillerie-maralpa.fr\/mentions-legales\/"},{"@type":"ListItem","position":3,"name":"Pastis d&rsquo;Aqui"}]},{"@type":"WebSite","@id":"https:\/\/distillerie-maralpa.fr\/#website","url":"https:\/\/distillerie-maralpa.fr\/","name":"Distilllerie Maralpa","description":"Distillerie Ni\u00e7oise Artisanale","publisher":{"@id":"https:\/\/distillerie-maralpa.fr\/#organization"},"potentialAction":[{"@type":"SearchAction","target":{"@type":"EntryPoint","urlTemplate":"https:\/\/distillerie-maralpa.fr\/?s={search_term_string}"},"query-input":{"@type":"PropertyValueSpecification","valueRequired":true,"valueName":"search_term_string"}}],"inLanguage":"en-GB"},{"@type":"Organization","@id":"https:\/\/distillerie-maralpa.fr\/#organization","name":"Distilllerie Maralpa","url":"https:\/\/distillerie-maralpa.fr\/","logo":{"@type":"ImageObject","inLanguage":"en-GB","@id":"https:\/\/distillerie-maralpa.fr\/#\/schema\/logo\/image\/","url":"https:\/\/distillerie-maralpa.fr\/wp-content\/uploads\/2024\/05\/cropped-LOGOS-MARALPA-FONDEE-A-NICE_bleu-scaled.png","contentUrl":"https:\/\/distillerie-maralpa.fr\/wp-content\/uploads\/2024\/05\/cropped-LOGOS-MARALPA-FONDEE-A-NICE_bleu-scaled.png","width":2194,"height":2560,"caption":"Distilllerie Maralpa"},"image":{"@id":"https:\/\/distillerie-maralpa.fr\/#\/schema\/logo\/image\/"},"sameAs":["https:\/\/www.facebook.com\/DistillerieMaralpa","https:\/\/www.instagram.com\/distillerie_maralpa\/"]}]}},"_links":{"self":[{"href":"https:\/\/distillerie-maralpa.fr\/en\/wp-json\/wp\/v2\/product\/27357","targetHints":{"allow":["GET"]}}],"collection":[{"href":"https:\/\/distillerie-maralpa.fr\/en\/wp-json\/wp\/v2\/product"}],"about":[{"href":"https:\/\/distillerie-maralpa.fr\/en\/wp-json\/wp\/v2\/types\/product"}],"wp:featuredmedia":[{"embeddable":true,"href":"https:\/\/distillerie-maralpa.fr\/en\/wp-json\/wp\/v2\/media\/27546"}],"wp:attachment":[{"href":"https:\/\/distillerie-maralpa.fr\/en\/wp-json\/wp\/v2\/media?parent=27357"}],"wp:term":[{"taxonomy":"product_brand","embeddable":true,"href":"https:\/\/distillerie-maralpa.fr\/en\/wp-json\/wp\/v2\/product_brand?post=27357"},{"taxonomy":"product_cat","embeddable":true,"href":"https:\/\/distillerie-maralpa.fr\/en\/wp-json\/wp\/v2\/product_cat?post=27357"},{"taxonomy":"product_tag","embeddable":true,"href":"https:\/\/distillerie-maralpa.fr\/en\/wp-json\/wp\/v2\/product_tag?post=27357"}],"curies":[{"name":"wp","href":"https:\/\/api.w.org\/{rel}","templated":true}]}}