{"id":26715,"date":"2024-04-22T15:31:34","date_gmt":"2024-04-22T13:31:34","guid":{"rendered":"http:\/\/distillerie-maralpa.fr\/?post_type=product&#038;p=26715"},"modified":"2026-04-09T17:11:59","modified_gmt":"2026-04-09T15:11:59","slug":"gin-signature-50cl-43","status":"publish","type":"product","link":"https:\/\/distillerie-maralpa.fr\/en\/product\/gin-signature-50cl-43\/","title":{"rendered":"Gin \u00ab\u00a0Signature\u00a0\u00bb"},"content":{"rendered":"<p class=\"p1\">Inspired by the unique botanical richness of the Alpes-Maritimes region, 100% of the ingredients are sourced within the local territory.\nIntensely aromatic, with a complex nose featuring citrus and verbena, subtly complemented by floral and resinous notes.\nOn the palate, a smooth and silky opening gives way to a fresh finish, lifted by a hint of sweet mint and Mediterranean spices. Sant\u00e9!<\/p>\n<p><strong>VOLUME<br \/>\n<\/strong>50 cl<\/p>\n<p><strong>ABV<\/strong><br \/>\n43,0\u00b0<img decoding=\"async\" class=\"wp-image-27668 aligncenter\" src=\"https:\/\/distillerie-maralpa.fr\/wp-content\/uploads\/2024\/04\/1-main_std-iwsc2024-bronze-medal-lores-png-300x300.png\" alt=\"\" width=\"87\" height=\"87\" srcset=\"https:\/\/distillerie-maralpa.fr\/wp-content\/uploads\/2024\/04\/1-main_std-iwsc2024-bronze-medal-lores-png-300x300.png 300w, https:\/\/distillerie-maralpa.fr\/wp-content\/uploads\/2024\/04\/1-main_std-iwsc2024-bronze-medal-lores-png-150x150.png 150w, https:\/\/distillerie-maralpa.fr\/wp-content\/uploads\/2024\/04\/1-main_std-iwsc2024-bronze-medal-lores-png-100x100.png 100w, https:\/\/distillerie-maralpa.fr\/wp-content\/uploads\/2024\/04\/1-main_std-iwsc2024-bronze-medal-lores-png-50x50.png 50w, https:\/\/distillerie-maralpa.fr\/wp-content\/uploads\/2024\/04\/1-main_std-iwsc2024-bronze-medal-lores-png.png 340w\" sizes=\"(max-width: 87px) 100vw, 87px\" \/><br \/>\nOur Signature Gin was awarded a Bronze Medal at the 2024 IWSC Awards<\/p>","protected":false},"excerpt":{"rendered":"<p>Inspir\u00e9 par la richesse botanique unique du d\u00e9partement des Alpes-Maritimes, nous avons souhait\u00e9 le mettre \u00e0 l&rsquo;honneur en cr\u00e9ant un Gin dont 100% des ingr\u00e9dients utilis\u00e9s se trouvent sur le territoire Maralpin.<\/p>\n<p>Intens\u00e9ment aromatique, nez complexe aux notes florales, r\u00e9sineuses et fruit\u00e9s.<\/p>\n<p>En bouche nous retrouvons une attaque tr\u00e8s douce, suave, laissant place \u00e0 une finale fra\u00eeche port\u00e9e par une pointe de menthe douce et les \u00e9pices m\u00e9diterran\u00e9ennes.<\/p>\n<p>Imaginez une balade entre for\u00eats montagnardes, collines ensoleill\u00e9es et vergers d&rsquo;agrumes du bord de mer &#8211; c&rsquo;est ce que vous d\u00e9gusterez !<\/p>","protected":false},"featured_media":27543,"template":"","meta":{"inline_featured_image":false},"product_brand":[],"product_cat":[74],"product_tag":[],"class_list":{"0":"post-26715","1":"product","2":"type-product","3":"status-publish","4":"has-post-thumbnail","6":"product_cat-maralpa-spiritueux","8":"first","9":"instock","10":"taxable","11":"shipping-taxable","12":"purchasable","13":"product-type-simple"},"yoast_head":"<!-- This site is optimized with the Yoast SEO plugin v25.3 - https:\/\/yoast.com\/wordpress\/plugins\/seo\/ -->\n<title>Gin &quot;Signature&quot; - Distilllerie Maralpa<\/title>\n<meta name=\"description\" content=\"Le premier GIN enti\u00e8rement \u00e9labor\u00e9 \u00e0 Nice. De la cr\u00e9ation de la recette, en passant par la distillation et la mise en bouteille - 100% MARALPIN\" \/>\n<meta name=\"robots\" content=\"index, follow, max-snippet:-1, max-image-preview:large, max-video-preview:-1\" \/>\n<link rel=\"canonical\" href=\"https:\/\/distillerie-maralpa.fr\/en\/product\/gin-signature-50cl-43\/\" \/>\n<meta property=\"og:locale\" content=\"en_GB\" \/>\n<meta property=\"og:type\" content=\"article\" \/>\n<meta property=\"og:title\" content=\"Gin &quot;Signature&quot; - Distilllerie Maralpa\" \/>\n<meta property=\"og:description\" content=\"Le premier GIN enti\u00e8rement \u00e9labor\u00e9 \u00e0 Nice. De la cr\u00e9ation de la recette, en passant par la distillation et la mise en bouteille - 100% MARALPIN\" \/>\n<meta property=\"og:url\" content=\"https:\/\/distillerie-maralpa.fr\/en\/product\/gin-signature-50cl-43\/\" \/>\n<meta property=\"og:site_name\" content=\"Distilllerie Maralpa\" \/>\n<meta property=\"article:publisher\" content=\"https:\/\/www.facebook.com\/DistillerieMaralpa\" \/>\n<meta property=\"article:modified_time\" content=\"2026-04-09T15:11:59+00:00\" \/>\n<meta property=\"og:image\" content=\"https:\/\/distillerie-maralpa.fr\/wp-content\/uploads\/2025\/05\/gin-packshot.png\" \/>\n\t<meta property=\"og:image:width\" content=\"800\" \/>\n\t<meta property=\"og:image:height\" content=\"800\" \/>\n\t<meta property=\"og:image:type\" content=\"image\/png\" \/>\n<meta name=\"twitter:card\" content=\"summary_large_image\" \/>\n<meta name=\"twitter:label1\" content=\"Estimated reading time\" \/>\n\t<meta name=\"twitter:data1\" content=\"1 minute\" \/>\n<script type=\"application\/ld+json\" class=\"yoast-schema-graph\">{\"@context\":\"https:\/\/schema.org\",\"@graph\":[{\"@type\":\"WebPage\",\"@id\":\"https:\/\/distillerie-maralpa.fr\/produit\/gin-signature-50cl-43\/\",\"url\":\"https:\/\/distillerie-maralpa.fr\/produit\/gin-signature-50cl-43\/\",\"name\":\"Gin \\\"Signature\\\" - Distilllerie Maralpa\",\"isPartOf\":{\"@id\":\"https:\/\/distillerie-maralpa.fr\/#website\"},\"primaryImageOfPage\":{\"@id\":\"https:\/\/distillerie-maralpa.fr\/produit\/gin-signature-50cl-43\/#primaryimage\"},\"image\":{\"@id\":\"https:\/\/distillerie-maralpa.fr\/produit\/gin-signature-50cl-43\/#primaryimage\"},\"thumbnailUrl\":\"https:\/\/distillerie-maralpa.fr\/wp-content\/uploads\/2025\/05\/gin-packshot.png\",\"datePublished\":\"2024-04-22T13:31:34+00:00\",\"dateModified\":\"2026-04-09T15:11:59+00:00\",\"description\":\"Le premier GIN enti\u00e8rement \u00e9labor\u00e9 \u00e0 Nice. De la cr\u00e9ation de la recette, en passant par la distillation et la mise en bouteille - 100% MARALPIN\",\"breadcrumb\":{\"@id\":\"https:\/\/distillerie-maralpa.fr\/produit\/gin-signature-50cl-43\/#breadcrumb\"},\"inLanguage\":\"en-GB\",\"potentialAction\":[{\"@type\":\"ReadAction\",\"target\":[\"https:\/\/distillerie-maralpa.fr\/produit\/gin-signature-50cl-43\/\"]}]},{\"@type\":\"ImageObject\",\"inLanguage\":\"en-GB\",\"@id\":\"https:\/\/distillerie-maralpa.fr\/produit\/gin-signature-50cl-43\/#primaryimage\",\"url\":\"https:\/\/distillerie-maralpa.fr\/wp-content\/uploads\/2025\/05\/gin-packshot.png\",\"contentUrl\":\"https:\/\/distillerie-maralpa.fr\/wp-content\/uploads\/2025\/05\/gin-packshot.png\",\"width\":2480,\"height\":2480},{\"@type\":\"BreadcrumbList\",\"@id\":\"https:\/\/distillerie-maralpa.fr\/produit\/gin-signature-50cl-43\/#breadcrumb\",\"itemListElement\":[{\"@type\":\"ListItem\",\"position\":1,\"name\":\"Home\",\"item\":\"https:\/\/distillerie-maralpa.fr\/\"},{\"@type\":\"ListItem\",\"position\":2,\"name\":\"Produits\",\"item\":\"https:\/\/distillerie-maralpa.fr\/mentions-legales\/\"},{\"@type\":\"ListItem\",\"position\":3,\"name\":\"Gin \u00ab\u00a0Signature\u00a0\u00bb\"}]},{\"@type\":\"WebSite\",\"@id\":\"https:\/\/distillerie-maralpa.fr\/#website\",\"url\":\"https:\/\/distillerie-maralpa.fr\/\",\"name\":\"Distilllerie Maralpa\",\"description\":\"Distillerie Ni\u00e7oise Artisanale\",\"publisher\":{\"@id\":\"https:\/\/distillerie-maralpa.fr\/#organization\"},\"potentialAction\":[{\"@type\":\"SearchAction\",\"target\":{\"@type\":\"EntryPoint\",\"urlTemplate\":\"https:\/\/distillerie-maralpa.fr\/?s={search_term_string}\"},\"query-input\":{\"@type\":\"PropertyValueSpecification\",\"valueRequired\":true,\"valueName\":\"search_term_string\"}}],\"inLanguage\":\"en-GB\"},{\"@type\":\"Organization\",\"@id\":\"https:\/\/distillerie-maralpa.fr\/#organization\",\"name\":\"Distilllerie Maralpa\",\"url\":\"https:\/\/distillerie-maralpa.fr\/\",\"logo\":{\"@type\":\"ImageObject\",\"inLanguage\":\"en-GB\",\"@id\":\"https:\/\/distillerie-maralpa.fr\/#\/schema\/logo\/image\/\",\"url\":\"https:\/\/distillerie-maralpa.fr\/wp-content\/uploads\/2024\/05\/cropped-LOGOS-MARALPA-FONDEE-A-NICE_bleu-scaled.png\",\"contentUrl\":\"https:\/\/distillerie-maralpa.fr\/wp-content\/uploads\/2024\/05\/cropped-LOGOS-MARALPA-FONDEE-A-NICE_bleu-scaled.png\",\"width\":2194,\"height\":2560,\"caption\":\"Distilllerie Maralpa\"},\"image\":{\"@id\":\"https:\/\/distillerie-maralpa.fr\/#\/schema\/logo\/image\/\"},\"sameAs\":[\"https:\/\/www.facebook.com\/DistillerieMaralpa\",\"https:\/\/www.instagram.com\/distillerie_maralpa\/\"]}]}<\/script>\n<!-- \/ Yoast SEO plugin. -->","yoast_head_json":{"title":"Gin \"Signature\" - Distilllerie Maralpa","description":"Le premier GIN enti\u00e8rement \u00e9labor\u00e9 \u00e0 Nice. De la cr\u00e9ation de la recette, en passant par la distillation et la mise en bouteille - 100% MARALPIN","robots":{"index":"index","follow":"follow","max-snippet":"max-snippet:-1","max-image-preview":"max-image-preview:large","max-video-preview":"max-video-preview:-1"},"canonical":"https:\/\/distillerie-maralpa.fr\/en\/product\/gin-signature-50cl-43\/","og_locale":"en_GB","og_type":"article","og_title":"Gin \"Signature\" - Distilllerie Maralpa","og_description":"Le premier GIN enti\u00e8rement \u00e9labor\u00e9 \u00e0 Nice. De la cr\u00e9ation de la recette, en passant par la distillation et la mise en bouteille - 100% MARALPIN","og_url":"https:\/\/distillerie-maralpa.fr\/en\/product\/gin-signature-50cl-43\/","og_site_name":"Distilllerie Maralpa","article_publisher":"https:\/\/www.facebook.com\/DistillerieMaralpa","article_modified_time":"2026-04-09T15:11:59+00:00","og_image":[{"url":"https:\/\/distillerie-maralpa.fr\/wp-content\/uploads\/2025\/05\/gin-packshot.png","width":800,"height":800,"type":"image\/png"}],"twitter_card":"summary_large_image","twitter_misc":{"Estimated reading time":"1 minute"},"schema":{"@context":"https:\/\/schema.org","@graph":[{"@type":"WebPage","@id":"https:\/\/distillerie-maralpa.fr\/produit\/gin-signature-50cl-43\/","url":"https:\/\/distillerie-maralpa.fr\/produit\/gin-signature-50cl-43\/","name":"Gin \"Signature\" - Distilllerie Maralpa","isPartOf":{"@id":"https:\/\/distillerie-maralpa.fr\/#website"},"primaryImageOfPage":{"@id":"https:\/\/distillerie-maralpa.fr\/produit\/gin-signature-50cl-43\/#primaryimage"},"image":{"@id":"https:\/\/distillerie-maralpa.fr\/produit\/gin-signature-50cl-43\/#primaryimage"},"thumbnailUrl":"https:\/\/distillerie-maralpa.fr\/wp-content\/uploads\/2025\/05\/gin-packshot.png","datePublished":"2024-04-22T13:31:34+00:00","dateModified":"2026-04-09T15:11:59+00:00","description":"Le premier GIN enti\u00e8rement \u00e9labor\u00e9 \u00e0 Nice. De la cr\u00e9ation de la recette, en passant par la distillation et la mise en bouteille - 100% MARALPIN","breadcrumb":{"@id":"https:\/\/distillerie-maralpa.fr\/produit\/gin-signature-50cl-43\/#breadcrumb"},"inLanguage":"en-GB","potentialAction":[{"@type":"ReadAction","target":["https:\/\/distillerie-maralpa.fr\/produit\/gin-signature-50cl-43\/"]}]},{"@type":"ImageObject","inLanguage":"en-GB","@id":"https:\/\/distillerie-maralpa.fr\/produit\/gin-signature-50cl-43\/#primaryimage","url":"https:\/\/distillerie-maralpa.fr\/wp-content\/uploads\/2025\/05\/gin-packshot.png","contentUrl":"https:\/\/distillerie-maralpa.fr\/wp-content\/uploads\/2025\/05\/gin-packshot.png","width":2480,"height":2480},{"@type":"BreadcrumbList","@id":"https:\/\/distillerie-maralpa.fr\/produit\/gin-signature-50cl-43\/#breadcrumb","itemListElement":[{"@type":"ListItem","position":1,"name":"Home","item":"https:\/\/distillerie-maralpa.fr\/"},{"@type":"ListItem","position":2,"name":"Produits","item":"https:\/\/distillerie-maralpa.fr\/mentions-legales\/"},{"@type":"ListItem","position":3,"name":"Gin \u00ab\u00a0Signature\u00a0\u00bb"}]},{"@type":"WebSite","@id":"https:\/\/distillerie-maralpa.fr\/#website","url":"https:\/\/distillerie-maralpa.fr\/","name":"Distilllerie Maralpa","description":"Distillerie Ni\u00e7oise Artisanale","publisher":{"@id":"https:\/\/distillerie-maralpa.fr\/#organization"},"potentialAction":[{"@type":"SearchAction","target":{"@type":"EntryPoint","urlTemplate":"https:\/\/distillerie-maralpa.fr\/?s={search_term_string}"},"query-input":{"@type":"PropertyValueSpecification","valueRequired":true,"valueName":"search_term_string"}}],"inLanguage":"en-GB"},{"@type":"Organization","@id":"https:\/\/distillerie-maralpa.fr\/#organization","name":"Distilllerie Maralpa","url":"https:\/\/distillerie-maralpa.fr\/","logo":{"@type":"ImageObject","inLanguage":"en-GB","@id":"https:\/\/distillerie-maralpa.fr\/#\/schema\/logo\/image\/","url":"https:\/\/distillerie-maralpa.fr\/wp-content\/uploads\/2024\/05\/cropped-LOGOS-MARALPA-FONDEE-A-NICE_bleu-scaled.png","contentUrl":"https:\/\/distillerie-maralpa.fr\/wp-content\/uploads\/2024\/05\/cropped-LOGOS-MARALPA-FONDEE-A-NICE_bleu-scaled.png","width":2194,"height":2560,"caption":"Distilllerie Maralpa"},"image":{"@id":"https:\/\/distillerie-maralpa.fr\/#\/schema\/logo\/image\/"},"sameAs":["https:\/\/www.facebook.com\/DistillerieMaralpa","https:\/\/www.instagram.com\/distillerie_maralpa\/"]}]}},"_links":{"self":[{"href":"https:\/\/distillerie-maralpa.fr\/en\/wp-json\/wp\/v2\/product\/26715","targetHints":{"allow":["GET"]}}],"collection":[{"href":"https:\/\/distillerie-maralpa.fr\/en\/wp-json\/wp\/v2\/product"}],"about":[{"href":"https:\/\/distillerie-maralpa.fr\/en\/wp-json\/wp\/v2\/types\/product"}],"wp:featuredmedia":[{"embeddable":true,"href":"https:\/\/distillerie-maralpa.fr\/en\/wp-json\/wp\/v2\/media\/27543"}],"wp:attachment":[{"href":"https:\/\/distillerie-maralpa.fr\/en\/wp-json\/wp\/v2\/media?parent=26715"}],"wp:term":[{"taxonomy":"product_brand","embeddable":true,"href":"https:\/\/distillerie-maralpa.fr\/en\/wp-json\/wp\/v2\/product_brand?post=26715"},{"taxonomy":"product_cat","embeddable":true,"href":"https:\/\/distillerie-maralpa.fr\/en\/wp-json\/wp\/v2\/product_cat?post=26715"},{"taxonomy":"product_tag","embeddable":true,"href":"https:\/\/distillerie-maralpa.fr\/en\/wp-json\/wp\/v2\/product_tag?post=26715"}],"curies":[{"name":"wp","href":"https:\/\/api.w.org\/{rel}","templated":true}]}}