{"id":1825,"date":"2020-10-23T01:52:06","date_gmt":"2020-10-23T01:52:06","guid":{"rendered":"https:\/\/demo2wpopal.b-cdn.net\/smartic\/?page_id=1825"},"modified":"2025-06-07T16:16:59","modified_gmt":"2025-06-07T14:16:59","slug":"a-propos","status":"publish","type":"page","link":"https:\/\/distillerie-maralpa.fr\/en\/a-propos\/","title":{"rendered":"\u00c0 propos"},"content":{"rendered":"<div data-elementor-type=\"wp-page\" data-elementor-id=\"1825\" class=\"elementor elementor-1825\" data-elementor-post-type=\"page\">\n\t\t\t\t<div class=\"elementor-element elementor-element-d7b5c27 e-flex e-con-boxed e-con e-parent\" data-id=\"d7b5c27\" data-element_type=\"container\">\n\t\t\t\t\t<div class=\"e-con-inner\">\n\t\t\t\t<div class=\"elementor-element elementor-element-d971011 elementor-widget elementor-widget-spacer\" data-id=\"d971011\" data-element_type=\"widget\" data-widget_type=\"spacer.default\">\n\t\t\t\t<div class=\"elementor-widget-container\">\n\t\t\t\t\t\t\t<div class=\"elementor-spacer\">\n\t\t\t<div class=\"elementor-spacer-inner\"><\/div>\n\t\t<\/div>\n\t\t\t\t\t\t<\/div>\n\t\t\t\t<\/div>\n\t\t\t\t<div class=\"elementor-element elementor-element-8676e89 animated-fast elementor-invisible elementor-widget elementor-widget-text-editor\" data-id=\"8676e89\" data-element_type=\"widget\" data-settings=\"{&quot;_animation&quot;:&quot;rotateIn&quot;}\" data-widget_type=\"text-editor.default\">\n\t\t\t\t<div class=\"elementor-widget-container\">\n\t\t\t\t\t\t\t\t\t<p>About us<\/p>\t\t\t\t\t\t\t\t<\/div>\n\t\t\t\t<\/div>\n\t\t\t\t<div class=\"elementor-element elementor-element-408e93d elementor-widget-mobile__width-auto elementor-invisible elementor-widget elementor-widget-heading\" data-id=\"408e93d\" data-element_type=\"widget\" data-settings=\"{&quot;_animation&quot;:&quot;bounceInRight&quot;}\" data-widget_type=\"heading.default\">\n\t\t\t\t<div class=\"elementor-widget-container\">\n\t\t\t\t\t<h1 class=\"elementor-heading-title elementor-size-default\">The MARALPA Distillery<\/h1>\t\t\t\t<\/div>\n\t\t\t\t<\/div>\n\t\t<div class=\"elementor-element elementor-element-ce4c233 e-con-full e-grid e-con e-child\" data-id=\"ce4c233\" data-element_type=\"container\">\n\t\t\t\t<div class=\"elementor-element elementor-element-57d656f elementor-widget elementor-widget-text-editor\" data-id=\"57d656f\" data-element_type=\"widget\" data-widget_type=\"text-editor.default\">\n\t\t\t\t<div class=\"elementor-widget-container\">\n\t\t\t\t\t\t\t\t\t<p>We are an independent, small-scale distillery where everything is done in-house \u2014 from foraging to bottling. Our creations are conceived as pure expressions of the surrounding terroir, with no additives and no compromises.<\/p>\n<p>For our liqueurs, we work exclusively with fresh, seasonal ingredients, handpicked either by us or by our trusted partners. This deliberate choice compels us to adapt our recipes to the natural rhythm of the harvest \u2014 not the other way around. It\u2019s our way of staying true to our vision of drinking better and consuming locally<\/p>\n<p>Through our gins, liqueurs, and aperitifs, we aim to craft balanced products with refined aromatic profiles \u2014 appealing to both curious newcomers and seasoned professionals.\nWorking with us means choosing a committed, artisanal, and local distillery, constantly striving to find harmony between innovation and tradition<\/p>\n<p><\/p>\n<h3 style=\"text-align: center;\">With Maralpa, it\u2019s real, it\u2019s good, it\u2019s living.<\/h3>\t\t\t\t\t\t\t\t<\/div>\n\t\t\t\t<\/div>\n\t\t\t\t<div class=\"elementor-element elementor-element-9df91fa elementor-widget elementor-widget-image\" data-id=\"9df91fa\" data-element_type=\"widget\" data-widget_type=\"image.default\">\n\t\t\t\t<div class=\"elementor-widget-container\">\n\t\t\t\t\t\t\t\t\t\t\t\t\t\t\t<img fetchpriority=\"high\" decoding=\"async\" width=\"800\" height=\"800\" src=\"https:\/\/distillerie-maralpa.fr\/wp-content\/uploads\/2024\/06\/DSCF6016-scaled.jpeg\" class=\"attachment-large size-large wp-image-27013\" alt=\"\" \/>\t\t\t\t\t\t\t\t\t\t\t\t\t\t\t<\/div>\n\t\t\t\t<\/div>\n\t\t\t\t<\/div>\n\t\t\t\t\t<\/div>\n\t\t\t\t<\/div>\n\t\t<div class=\"elementor-element elementor-element-378f417 e-flex e-con-boxed e-con e-parent\" data-id=\"378f417\" data-element_type=\"container\">\n\t\t\t\t\t<div class=\"e-con-inner\">\n\t\t\t\t<div class=\"elementor-element elementor-element-6f589a6 elementor-widget elementor-widget-spacer\" data-id=\"6f589a6\" data-element_type=\"widget\" data-widget_type=\"spacer.default\">\n\t\t\t\t<div class=\"elementor-widget-container\">\n\t\t\t\t\t\t\t<div class=\"elementor-spacer\">\n\t\t\t<div class=\"elementor-spacer-inner\"><\/div>\n\t\t<\/div>\n\t\t\t\t\t\t<\/div>\n\t\t\t\t<\/div>\n\t\t\t\t<div class=\"elementor-element elementor-element-8f51a1e elementor-widget-mobile__width-auto elementor-invisible elementor-widget elementor-widget-heading\" data-id=\"8f51a1e\" data-element_type=\"widget\" data-settings=\"{&quot;_animation&quot;:&quot;bounceInRight&quot;}\" data-widget_type=\"heading.default\">\n\t\t\t\t<div class=\"elementor-widget-container\">\n\t\t\t\t\t<h1 class=\"elementor-heading-title elementor-size-default\">Our Founder<\/h1>\t\t\t\t<\/div>\n\t\t\t\t<\/div>\n\t\t\t\t\t<\/div>\n\t\t\t\t<\/div>\n\t\t<div class=\"elementor-element elementor-element-3d661d1 e-flex e-con-boxed e-con e-parent\" data-id=\"3d661d1\" data-element_type=\"container\">\n\t\t\t\t\t<div class=\"e-con-inner\">\n\t\t<div class=\"elementor-element elementor-element-02625a5 e-con-full e-flex e-con e-child\" data-id=\"02625a5\" data-element_type=\"container\">\n\t\t<div class=\"elementor-element elementor-element-181ad6a e-con-full e-flex e-con e-child\" data-id=\"181ad6a\" data-element_type=\"container\">\n\t\t<div class=\"elementor-element elementor-element-f6d4102 e-con-full e-flex e-con e-child\" data-id=\"f6d4102\" data-element_type=\"container\">\n\t\t\t\t<div class=\"elementor-element elementor-element-2b17424 elementor-widget elementor-widget-image\" data-id=\"2b17424\" data-element_type=\"widget\" data-widget_type=\"image.default\">\n\t\t\t\t<div class=\"elementor-widget-container\">\n\t\t\t\t\t\t\t\t\t\t\t\t\t\t\t<img decoding=\"async\" width=\"683\" height=\"1024\" src=\"https:\/\/distillerie-maralpa.fr\/wp-content\/uploads\/2024\/04\/DSCF6125-scaled.jpeg\" class=\"attachment-large size-large wp-image-26970\" alt=\"\" \/>\t\t\t\t\t\t\t\t\t\t\t\t\t\t\t<\/div>\n\t\t\t\t<\/div>\n\t\t\t\t<\/div>\n\t\t<div class=\"elementor-element elementor-element-5ab7e98 e-con-full e-flex e-con e-child\" data-id=\"5ab7e98\" data-element_type=\"container\">\n\t\t\t\t<div class=\"elementor-element elementor-element-b7b1370 elementor-hidden-tablet_extra elementor-hidden-tablet elementor-hidden-mobile_extra elementor-hidden-mobile elementor-widget elementor-widget-image\" data-id=\"b7b1370\" data-element_type=\"widget\" data-widget_type=\"image.default\">\n\t\t\t\t<div class=\"elementor-widget-container\">\n\t\t\t\t\t\t\t\t\t\t\t\t\t\t\t<img decoding=\"async\" width=\"431\" height=\"600\" src=\"https:\/\/distillerie-maralpa.fr\/wp-content\/uploads\/2024\/04\/grande_thumbnail_IMG_5697-1.jpg\" class=\"attachment-full size-full wp-image-26795\" alt=\"\" \/>\t\t\t\t\t\t\t\t\t\t\t\t\t\t\t<\/div>\n\t\t\t\t<\/div>\n\t\t\t\t<div class=\"elementor-element elementor-element-8ccd74c elementor-widget__width-initial elementor-widget elementor-widget-heading\" data-id=\"8ccd74c\" data-element_type=\"widget\" data-widget_type=\"heading.default\">\n\t\t\t\t<div class=\"elementor-widget-container\">\n\t\t\t\t\t<h2 class=\"elementor-heading-title elementor-size-default\">Julian Servolle<\/h2>\t\t\t\t<\/div>\n\t\t\t\t<\/div>\n\t\t\t\t<div class=\"elementor-element elementor-element-a0f152b elementor-widget elementor-widget-text-editor\" data-id=\"a0f152b\" data-element_type=\"widget\" data-widget_type=\"text-editor.default\">\n\t\t\t\t<div class=\"elementor-widget-container\">\n\t\t\t\t\t\t\t\t\t<p><span style=\"color: #000000;\"><strong>Master Distiller\u00a0<\/strong><\/span> \/  Founder<\/p>\t\t\t\t\t\t\t\t<\/div>\n\t\t\t\t<\/div>\n\t\t\t\t<div class=\"elementor-element elementor-element-db3db1c elementor-widget elementor-widget-text-editor\" data-id=\"db3db1c\" data-element_type=\"widget\" data-widget_type=\"text-editor.default\">\n\t\t\t\t<div class=\"elementor-widget-container\">\n\t\t\t\t\t\t\t\t\t<p data-start=\"120\" data-end=\"432\">My name is Julian, and my journey has been shaped by detours, opportunities, and sometimes unexpected choices.\nI grew up in a family where everyday gestures were steeped in tradition: making jam, distilling fruit brandy, preserving in jars\u2026 It was simple, natural, and profoundly alive<\/p><p style=\"text-align: left;\"><span style=\"text-align: center;\">As a teenager, I imagined my future on the basketball court: a young athlete in a training academy, dreaming of a professional sports career.\nBut life led me down a different path \u2014 one filled with another kind of intensity: the world of flavor and craftsmanship.\nI trained in viticulture and oenology in Beaune, and had the privilege of learning the ropes at Ramonet, in Chassagne-Montrachet<\/span>\u00a0<\/p>\t\t\t\t\t\t\t\t<\/div>\n\t\t\t\t<\/div>\n\t\t\t\t<\/div>\n\t\t\t\t<\/div>\n\t\t\t\t<div class=\"elementor-element elementor-element-7f750cf elementor-widget elementor-widget-text-editor\" data-id=\"7f750cf\" data-element_type=\"widget\" data-widget_type=\"text-editor.default\">\n\t\t\t\t<div class=\"elementor-widget-container\">\n\t\t\t\t\t\t\t\t\t<p data-start=\"847\" data-end=\"1141\">From there, everything unfolded naturally.\nThe cellars led me to sommellerie, sommellerie to mixology \u2014 with enriching experiences at the Four Seasons in France, then at the Intercontinental in London.\nI later settled in Sweden, where I worked for two years as a sommelier and ma\u00eetre d'h\u00f4tel.<\/p>\n<p data-start=\"1143\" data-end=\"1406\">When I returned to France, somewhat uncertain about the next step, I temporarily turned to real estate.\nBut it was the birth of my daughter that brought me back to what truly mattered: the need to create, to pass things on, and to reconnect with what genuinely made me come alive<\/p>\n<p data-start=\"1408\" data-end=\"1753\">Since I was 18, I had been making wine. At 22, I was crafting high-end cocktails in London. At 24, it was cider in Sweden.\nSyrups, infusions, liqueurs, good food \u2014 it\u2019s all been part of me for as long as I can remember<\/p>\n<p data-start=\"1755\" data-end=\"2085\">It all started in a small shed turned into an apothecary lab.\nThere, I taught myself \u2014 through trial and error, reading, and observation.\nThen came an internship at Ferroni, another at l\u2019Atelier du Bouilleur.\nBut above all, there were blind tastings with sommelier, bartender, and wine merchant friends \u2014 and their enthusiasm was what finally convinced me to take the leap<br><br>So in 2023, I decided to fully embrace this path: I founded Distillerie Maralpa in Nice, with the desire to offer honest, artisanal spirits rooted in the terroir of the Alpes-Maritimes<\/p>\n<p><span style=\"font-size: 1rem;\">Today, I offer creations born of meticulous artisanal work, guided by the desire to craft something genuine and unadorned \u2014 with the sole ambition of sharing what I love.<\/span><span style=\"font-size: 1rem;\">.<\/span><\/p>\n<h4>&nbsp;<br><\/h4>\n<h3 style=\"text-align: center;\">A Life of Passion<\/h3><h3 style=\"text-align: center;\">&nbsp;An Artisanal, Thoughtful, and Local Approach<\/h3>\t\t\t\t\t\t\t\t<\/div>\n\t\t\t\t<\/div>\n\t\t\t\t<\/div>\n\t\t\t\t\t<\/div>\n\t\t\t\t<\/div>\n\t\t<div class=\"elementor-element elementor-element-2bff6b3 e-flex e-con-boxed e-con e-parent\" data-id=\"2bff6b3\" data-element_type=\"container\">\n\t\t\t\t\t<div class=\"e-con-inner\">\n\t\t\t\t<div class=\"elementor-element elementor-element-80ff007 elementor-widget elementor-widget-image\" data-id=\"80ff007\" data-element_type=\"widget\" data-widget_type=\"image.default\">\n\t\t\t\t<div class=\"elementor-widget-container\">\n\t\t\t\t\t\t\t\t\t\t\t\t\t\t\t<img loading=\"lazy\" decoding=\"async\" width=\"800\" height=\"533\" src=\"https:\/\/distillerie-maralpa.fr\/wp-content\/uploads\/2025\/05\/Screenshot-2025-05-19-at-11.56.46.png\" class=\"attachment-large size-large wp-image-27612\" alt=\"\" \/>\t\t\t\t\t\t\t\t\t\t\t\t\t\t\t<\/div>\n\t\t\t\t<\/div>\n\t\t\t\t\t<\/div>\n\t\t\t\t<\/div>\n\t\t\t\t<\/div>","protected":false},"excerpt":{"rendered":"<p>A propos La Distillerie MARALPA Nous sommes une distillerie ind\u00e9pendante, \u00e0 taille humaine, o\u00f9 tout est fait maison : de la cueillette \u00e0 la mise en bouteille. Nos cr\u00e9ations sont pens\u00e9es comme des expressions pures du terroir qui nous entoure, sans artifices ni compromis. Nous travaillons, pour nos liqueurs, exclusivement avec des ingr\u00e9dients frais, de [&hellip;]<\/p>","protected":false},"author":3,"featured_media":0,"parent":0,"menu_order":0,"comment_status":"closed","ping_status":"closed","template":"","meta":{"inline_featured_image":false,"footnotes":""},"class_list":["post-1825","page","type-page","status-publish","hentry"],"yoast_head":"<!-- This site is optimized with the Yoast SEO plugin v25.3 - https:\/\/yoast.com\/wordpress\/plugins\/seo\/ -->\n<title>\u00c0 propos - Distilllerie Maralpa<\/title>\n<meta name=\"robots\" content=\"index, follow, max-snippet:-1, max-image-preview:large, max-video-preview:-1\" \/>\n<link rel=\"canonical\" href=\"https:\/\/distillerie-maralpa.fr\/en\/a-propos\/\" \/>\n<meta property=\"og:locale\" content=\"en_GB\" \/>\n<meta property=\"og:type\" content=\"article\" \/>\n<meta property=\"og:title\" content=\"\u00c0 propos - Distilllerie Maralpa\" \/>\n<meta property=\"og:description\" content=\"A propos La Distillerie MARALPA Nous sommes une distillerie ind\u00e9pendante, \u00e0 taille humaine, o\u00f9 tout est fait maison : de la cueillette \u00e0 la mise en bouteille. Nos cr\u00e9ations sont pens\u00e9es comme des expressions pures du terroir qui nous entoure, sans artifices ni compromis. Nous travaillons, pour nos liqueurs, exclusivement avec des ingr\u00e9dients frais, de [&hellip;]\" \/>\n<meta property=\"og:url\" content=\"https:\/\/distillerie-maralpa.fr\/en\/a-propos\/\" \/>\n<meta property=\"og:site_name\" content=\"Distilllerie Maralpa\" \/>\n<meta property=\"article:publisher\" content=\"https:\/\/www.facebook.com\/DistillerieMaralpa\" \/>\n<meta property=\"article:modified_time\" content=\"2025-06-07T14:16:59+00:00\" \/>\n<meta property=\"og:image\" content=\"https:\/\/distillerie-maralpa.fr\/wp-content\/uploads\/2024\/06\/DSCF6016-scaled.jpeg\" \/>\n\t<meta property=\"og:image:width\" content=\"2560\" \/>\n\t<meta property=\"og:image:height\" content=\"2560\" \/>\n\t<meta property=\"og:image:type\" content=\"image\/jpeg\" \/>\n<meta name=\"twitter:card\" content=\"summary_large_image\" \/>\n<meta name=\"twitter:label1\" content=\"Estimated reading time\" \/>\n\t<meta name=\"twitter:data1\" content=\"3 minutes\" \/>\n<script type=\"application\/ld+json\" class=\"yoast-schema-graph\">{\"@context\":\"https:\/\/schema.org\",\"@graph\":[{\"@type\":\"WebPage\",\"@id\":\"https:\/\/distillerie-maralpa.fr\/a-propos\/\",\"url\":\"https:\/\/distillerie-maralpa.fr\/a-propos\/\",\"name\":\"\u00c0 propos - Distilllerie Maralpa\",\"isPartOf\":{\"@id\":\"https:\/\/distillerie-maralpa.fr\/#website\"},\"primaryImageOfPage\":{\"@id\":\"https:\/\/distillerie-maralpa.fr\/a-propos\/#primaryimage\"},\"image\":{\"@id\":\"https:\/\/distillerie-maralpa.fr\/a-propos\/#primaryimage\"},\"thumbnailUrl\":\"https:\/\/distillerie-maralpa.fr\/wp-content\/uploads\/2024\/06\/DSCF6016-scaled.jpeg\",\"datePublished\":\"2020-10-23T01:52:06+00:00\",\"dateModified\":\"2025-06-07T14:16:59+00:00\",\"breadcrumb\":{\"@id\":\"https:\/\/distillerie-maralpa.fr\/a-propos\/#breadcrumb\"},\"inLanguage\":\"en-GB\",\"potentialAction\":[{\"@type\":\"ReadAction\",\"target\":[\"https:\/\/distillerie-maralpa.fr\/a-propos\/\"]}]},{\"@type\":\"ImageObject\",\"inLanguage\":\"en-GB\",\"@id\":\"https:\/\/distillerie-maralpa.fr\/a-propos\/#primaryimage\",\"url\":\"https:\/\/distillerie-maralpa.fr\/wp-content\/uploads\/2024\/06\/DSCF6016-scaled.jpeg\",\"contentUrl\":\"https:\/\/distillerie-maralpa.fr\/wp-content\/uploads\/2024\/06\/DSCF6016-scaled.jpeg\"},{\"@type\":\"BreadcrumbList\",\"@id\":\"https:\/\/distillerie-maralpa.fr\/a-propos\/#breadcrumb\",\"itemListElement\":[{\"@type\":\"ListItem\",\"position\":1,\"name\":\"Home\",\"item\":\"https:\/\/distillerie-maralpa.fr\/\"},{\"@type\":\"ListItem\",\"position\":2,\"name\":\"\u00c0 propos\"}]},{\"@type\":\"WebSite\",\"@id\":\"https:\/\/distillerie-maralpa.fr\/#website\",\"url\":\"https:\/\/distillerie-maralpa.fr\/\",\"name\":\"Distilllerie Maralpa\",\"description\":\"Distillerie Ni\u00e7oise Artisanale\",\"publisher\":{\"@id\":\"https:\/\/distillerie-maralpa.fr\/#organization\"},\"potentialAction\":[{\"@type\":\"SearchAction\",\"target\":{\"@type\":\"EntryPoint\",\"urlTemplate\":\"https:\/\/distillerie-maralpa.fr\/?s={search_term_string}\"},\"query-input\":{\"@type\":\"PropertyValueSpecification\",\"valueRequired\":true,\"valueName\":\"search_term_string\"}}],\"inLanguage\":\"en-GB\"},{\"@type\":\"Organization\",\"@id\":\"https:\/\/distillerie-maralpa.fr\/#organization\",\"name\":\"Distilllerie Maralpa\",\"url\":\"https:\/\/distillerie-maralpa.fr\/\",\"logo\":{\"@type\":\"ImageObject\",\"inLanguage\":\"en-GB\",\"@id\":\"https:\/\/distillerie-maralpa.fr\/#\/schema\/logo\/image\/\",\"url\":\"https:\/\/distillerie-maralpa.fr\/wp-content\/uploads\/2024\/05\/cropped-LOGOS-MARALPA-FONDEE-A-NICE_bleu-scaled.png\",\"contentUrl\":\"https:\/\/distillerie-maralpa.fr\/wp-content\/uploads\/2024\/05\/cropped-LOGOS-MARALPA-FONDEE-A-NICE_bleu-scaled.png\",\"width\":2194,\"height\":2560,\"caption\":\"Distilllerie Maralpa\"},\"image\":{\"@id\":\"https:\/\/distillerie-maralpa.fr\/#\/schema\/logo\/image\/\"},\"sameAs\":[\"https:\/\/www.facebook.com\/DistillerieMaralpa\",\"https:\/\/www.instagram.com\/distillerie_maralpa\/\"]}]}<\/script>\n<!-- \/ Yoast SEO plugin. -->","yoast_head_json":{"title":"\u00c0 propos - Distilllerie Maralpa","robots":{"index":"index","follow":"follow","max-snippet":"max-snippet:-1","max-image-preview":"max-image-preview:large","max-video-preview":"max-video-preview:-1"},"canonical":"https:\/\/distillerie-maralpa.fr\/en\/a-propos\/","og_locale":"en_GB","og_type":"article","og_title":"\u00c0 propos - Distilllerie Maralpa","og_description":"A propos La Distillerie MARALPA Nous sommes une distillerie ind\u00e9pendante, \u00e0 taille humaine, o\u00f9 tout est fait maison : de la cueillette \u00e0 la mise en bouteille. Nos cr\u00e9ations sont pens\u00e9es comme des expressions pures du terroir qui nous entoure, sans artifices ni compromis. Nous travaillons, pour nos liqueurs, exclusivement avec des ingr\u00e9dients frais, de [&hellip;]","og_url":"https:\/\/distillerie-maralpa.fr\/en\/a-propos\/","og_site_name":"Distilllerie Maralpa","article_publisher":"https:\/\/www.facebook.com\/DistillerieMaralpa","article_modified_time":"2025-06-07T14:16:59+00:00","og_image":[{"width":2560,"height":2560,"url":"https:\/\/distillerie-maralpa.fr\/wp-content\/uploads\/2024\/06\/DSCF6016-scaled.jpeg","type":"image\/jpeg"}],"twitter_card":"summary_large_image","twitter_misc":{"Estimated reading time":"3 minutes"},"schema":{"@context":"https:\/\/schema.org","@graph":[{"@type":"WebPage","@id":"https:\/\/distillerie-maralpa.fr\/a-propos\/","url":"https:\/\/distillerie-maralpa.fr\/a-propos\/","name":"\u00c0 propos - Distilllerie Maralpa","isPartOf":{"@id":"https:\/\/distillerie-maralpa.fr\/#website"},"primaryImageOfPage":{"@id":"https:\/\/distillerie-maralpa.fr\/a-propos\/#primaryimage"},"image":{"@id":"https:\/\/distillerie-maralpa.fr\/a-propos\/#primaryimage"},"thumbnailUrl":"https:\/\/distillerie-maralpa.fr\/wp-content\/uploads\/2024\/06\/DSCF6016-scaled.jpeg","datePublished":"2020-10-23T01:52:06+00:00","dateModified":"2025-06-07T14:16:59+00:00","breadcrumb":{"@id":"https:\/\/distillerie-maralpa.fr\/a-propos\/#breadcrumb"},"inLanguage":"en-GB","potentialAction":[{"@type":"ReadAction","target":["https:\/\/distillerie-maralpa.fr\/a-propos\/"]}]},{"@type":"ImageObject","inLanguage":"en-GB","@id":"https:\/\/distillerie-maralpa.fr\/a-propos\/#primaryimage","url":"https:\/\/distillerie-maralpa.fr\/wp-content\/uploads\/2024\/06\/DSCF6016-scaled.jpeg","contentUrl":"https:\/\/distillerie-maralpa.fr\/wp-content\/uploads\/2024\/06\/DSCF6016-scaled.jpeg"},{"@type":"BreadcrumbList","@id":"https:\/\/distillerie-maralpa.fr\/a-propos\/#breadcrumb","itemListElement":[{"@type":"ListItem","position":1,"name":"Home","item":"https:\/\/distillerie-maralpa.fr\/"},{"@type":"ListItem","position":2,"name":"\u00c0 propos"}]},{"@type":"WebSite","@id":"https:\/\/distillerie-maralpa.fr\/#website","url":"https:\/\/distillerie-maralpa.fr\/","name":"Distilllerie Maralpa","description":"Distillerie Ni\u00e7oise Artisanale","publisher":{"@id":"https:\/\/distillerie-maralpa.fr\/#organization"},"potentialAction":[{"@type":"SearchAction","target":{"@type":"EntryPoint","urlTemplate":"https:\/\/distillerie-maralpa.fr\/?s={search_term_string}"},"query-input":{"@type":"PropertyValueSpecification","valueRequired":true,"valueName":"search_term_string"}}],"inLanguage":"en-GB"},{"@type":"Organization","@id":"https:\/\/distillerie-maralpa.fr\/#organization","name":"Distilllerie Maralpa","url":"https:\/\/distillerie-maralpa.fr\/","logo":{"@type":"ImageObject","inLanguage":"en-GB","@id":"https:\/\/distillerie-maralpa.fr\/#\/schema\/logo\/image\/","url":"https:\/\/distillerie-maralpa.fr\/wp-content\/uploads\/2024\/05\/cropped-LOGOS-MARALPA-FONDEE-A-NICE_bleu-scaled.png","contentUrl":"https:\/\/distillerie-maralpa.fr\/wp-content\/uploads\/2024\/05\/cropped-LOGOS-MARALPA-FONDEE-A-NICE_bleu-scaled.png","width":2194,"height":2560,"caption":"Distilllerie Maralpa"},"image":{"@id":"https:\/\/distillerie-maralpa.fr\/#\/schema\/logo\/image\/"},"sameAs":["https:\/\/www.facebook.com\/DistillerieMaralpa","https:\/\/www.instagram.com\/distillerie_maralpa\/"]}]}},"_links":{"self":[{"href":"https:\/\/distillerie-maralpa.fr\/en\/wp-json\/wp\/v2\/pages\/1825","targetHints":{"allow":["GET"]}}],"collection":[{"href":"https:\/\/distillerie-maralpa.fr\/en\/wp-json\/wp\/v2\/pages"}],"about":[{"href":"https:\/\/distillerie-maralpa.fr\/en\/wp-json\/wp\/v2\/types\/page"}],"author":[{"embeddable":true,"href":"https:\/\/distillerie-maralpa.fr\/en\/wp-json\/wp\/v2\/users\/3"}],"replies":[{"embeddable":true,"href":"https:\/\/distillerie-maralpa.fr\/en\/wp-json\/wp\/v2\/comments?post=1825"}],"version-history":[{"count":123,"href":"https:\/\/distillerie-maralpa.fr\/en\/wp-json\/wp\/v2\/pages\/1825\/revisions"}],"predecessor-version":[{"id":27667,"href":"https:\/\/distillerie-maralpa.fr\/en\/wp-json\/wp\/v2\/pages\/1825\/revisions\/27667"}],"wp:attachment":[{"href":"https:\/\/distillerie-maralpa.fr\/en\/wp-json\/wp\/v2\/media?parent=1825"}],"curies":[{"name":"wp","href":"https:\/\/api.w.org\/{rel}","templated":true}]}}