{"id":27446,"date":"2025-05-13T11:50:54","date_gmt":"2025-05-13T09:50:54","guid":{"rendered":"https:\/\/distillerie-maralpa.fr\/?post_type=product&#038;p=27446"},"modified":"2026-04-17T19:02:23","modified_gmt":"2026-04-17T17:02:23","slug":"citron-zestes-maralpins-2025","status":"publish","type":"product","link":"http:\/\/distillerie-maralpa.fr\/en\/product\/citron-zestes-maralpins-2025\/","title":{"rendered":"Citron \u00ab\u00a0Zestes Maralpins\u00a0\u00bb 2025"},"content":{"rendered":"<p><strong data-start=\"130\" data-end=\"206\">Un Citron biologique soigneusement s\u00e9lectionn\u00e9 dans les Alpes-Maritimes.<\/strong><\/p>\n<p>R\u00e9colt\u00e9s \u00e0 pleine maturit\u00e9, les citrons sont zest\u00e9s \u00e0 la main pour en pr\u00e9server toute la fra\u00eecheur.<br \/>\nLes \u00e9corces infusent ensuite un long mois en avant d\u2019\u00eatre distill\u00e9es pour en extraire la pleine force aromatique. Cette m\u00e9thode r\u00e9v\u00e8le toute la subtilit\u00e9 du fruit, entre vivacit\u00e9 et rondeur.<br data-start=\"505\" data-end=\"508\" \/>Nous ajoutons enfin notre sirop de sucre de betterave bio et de l\u2019eau osmos\u00e9e, afin de sublimer l\u2019\u00e9quilibre entre fra\u00eecheur, intensit\u00e9 et longueur.<br data-start=\"655\" data-end=\"658\" \/>Il en r\u00e9sulte une liqueur lumineuse, \u00e0 la fois vive, \u00e9l\u00e9gante mais peu sucr\u00e9e, qui restitue l\u2019essence m\u00eame du citron m\u00e9diterran\u00e9en : Notre interpr\u00e9tation du c\u00e9l\u00e8bre Limoncello.<\/p>\n<p><!--more--><\/p>\n<p><strong>VOLUME<br \/>\n<\/strong>50 cl<\/p>\n<p><strong>ABV<\/strong><br \/>\n28,5\u00b0<\/p>\n<p><strong>FABRICATION<br \/>\n<\/strong>Bottling 2025<\/p>\n<p><strong>ID\u00c9E COCKTAIL<\/strong><\/p>\n<h2 data-start=\"1010\" data-end=\"1053\">\ud83c\udf79 Lemon Spritz<\/h2>\n<p data-start=\"1054\" data-end=\"1089\">Un ap\u00e9ritif frais et d\u00e9salt\u00e9rant.<\/p>\n<p style=\"padding-left: 40px;\" data-start=\"1093\" data-end=\"1125\">5 cl liqueur de citron Maralpa<br \/>\n8 cl vin p\u00e9tillant ou pet&rsquo;nat.<br \/>\n3 cl eau p\u00e9tillante<br \/>\nServir dans un grand verre \u00e0 vin rempli de glace<br \/>\nGarnish : tranche fine de citron + feuille de basilic ou romarin frais<\/p>","protected":false},"excerpt":{"rendered":"<p>Liqueur de citron bio des Alpes-Maritimes, zest\u00e9e \u00e0 la main et distill\u00e9e. Vive, subtile et peu sucr\u00e9e, elle r\u00e9v\u00e8le toute l\u2019intensit\u00e9 du fruit.<\/p>","protected":false},"featured_media":27541,"template":"","meta":{"inline_featured_image":false},"product_brand":[],"product_cat":[87],"product_tag":[],"class_list":{"0":"post-27446","1":"product","2":"type-product","3":"status-publish","4":"has-post-thumbnail","6":"product_cat-liqueur","8":"first","9":"instock","10":"taxable","11":"shipping-taxable","12":"purchasable","13":"product-type-simple"},"yoast_head":"<!-- This site is optimized with the Yoast SEO plugin v25.3 - https:\/\/yoast.com\/wordpress\/plugins\/seo\/ -->\n<title>Citron &quot;Zestes Maralpins&quot; 2025 - Distilllerie Maralpa<\/title>\n<meta name=\"description\" content=\"D\u00e9couvrez cette liqueur de Citrons r\u00e9colt\u00e9s dans la r\u00e9gion et distill\u00e9e \u00e0 Nice. Faiblement sucr\u00e9e, c&#039;est le zest du fruit qui s&#039;exprime\" \/>\n<meta name=\"robots\" content=\"index, follow, max-snippet:-1, max-image-preview:large, max-video-preview:-1\" \/>\n<link rel=\"canonical\" href=\"https:\/\/distillerie-maralpa.fr\/en\/product\/citron-zestes-maralpins-2025\/\" \/>\n<meta property=\"og:locale\" content=\"en_GB\" \/>\n<meta property=\"og:type\" content=\"article\" \/>\n<meta property=\"og:title\" content=\"Citron &quot;Zestes Maralpins&quot; 2025 - Distilllerie Maralpa\" \/>\n<meta property=\"og:description\" content=\"D\u00e9couvrez cette liqueur de Citrons r\u00e9colt\u00e9s dans la r\u00e9gion et distill\u00e9e \u00e0 Nice. Faiblement sucr\u00e9e, c&#039;est le zest du fruit qui s&#039;exprime\" \/>\n<meta property=\"og:url\" content=\"https:\/\/distillerie-maralpa.fr\/en\/product\/citron-zestes-maralpins-2025\/\" \/>\n<meta property=\"og:site_name\" content=\"Distilllerie Maralpa\" \/>\n<meta property=\"article:publisher\" content=\"https:\/\/www.facebook.com\/DistillerieMaralpa\" \/>\n<meta property=\"article:modified_time\" content=\"2026-04-17T17:02:23+00:00\" \/>\n<meta property=\"og:image\" content=\"https:\/\/distillerie-maralpa.fr\/wp-content\/uploads\/2025\/05\/citron-packshot.png\" \/>\n\t<meta property=\"og:image:width\" content=\"800\" \/>\n\t<meta property=\"og:image:height\" content=\"800\" \/>\n\t<meta property=\"og:image:type\" content=\"image\/png\" \/>\n<meta name=\"twitter:card\" content=\"summary_large_image\" \/>\n<meta name=\"twitter:label1\" content=\"Estimated reading time\" \/>\n\t<meta name=\"twitter:data1\" content=\"2 minutes\" \/>\n<script type=\"application\/ld+json\" class=\"yoast-schema-graph\">{\"@context\":\"https:\/\/schema.org\",\"@graph\":[{\"@type\":\"WebPage\",\"@id\":\"https:\/\/distillerie-maralpa.fr\/produit\/citron-zestes-maralpins-2025\/\",\"url\":\"https:\/\/distillerie-maralpa.fr\/produit\/citron-zestes-maralpins-2025\/\",\"name\":\"Citron \\\"Zestes Maralpins\\\" 2025 - Distilllerie Maralpa\",\"isPartOf\":{\"@id\":\"https:\/\/distillerie-maralpa.fr\/#website\"},\"primaryImageOfPage\":{\"@id\":\"https:\/\/distillerie-maralpa.fr\/produit\/citron-zestes-maralpins-2025\/#primaryimage\"},\"image\":{\"@id\":\"https:\/\/distillerie-maralpa.fr\/produit\/citron-zestes-maralpins-2025\/#primaryimage\"},\"thumbnailUrl\":\"https:\/\/distillerie-maralpa.fr\/wp-content\/uploads\/2025\/05\/citron-packshot.png\",\"datePublished\":\"2025-05-13T09:50:54+00:00\",\"dateModified\":\"2026-04-17T17:02:23+00:00\",\"description\":\"D\u00e9couvrez cette liqueur de Citrons r\u00e9colt\u00e9s dans la r\u00e9gion et distill\u00e9e \u00e0 Nice. Faiblement sucr\u00e9e, c'est le zest du fruit qui s'exprime\",\"breadcrumb\":{\"@id\":\"https:\/\/distillerie-maralpa.fr\/produit\/citron-zestes-maralpins-2025\/#breadcrumb\"},\"inLanguage\":\"en-GB\",\"potentialAction\":[{\"@type\":\"ReadAction\",\"target\":[\"https:\/\/distillerie-maralpa.fr\/produit\/citron-zestes-maralpins-2025\/\"]}]},{\"@type\":\"ImageObject\",\"inLanguage\":\"en-GB\",\"@id\":\"https:\/\/distillerie-maralpa.fr\/produit\/citron-zestes-maralpins-2025\/#primaryimage\",\"url\":\"https:\/\/distillerie-maralpa.fr\/wp-content\/uploads\/2025\/05\/citron-packshot.png\",\"contentUrl\":\"https:\/\/distillerie-maralpa.fr\/wp-content\/uploads\/2025\/05\/citron-packshot.png\",\"width\":2480,\"height\":2480},{\"@type\":\"BreadcrumbList\",\"@id\":\"https:\/\/distillerie-maralpa.fr\/produit\/citron-zestes-maralpins-2025\/#breadcrumb\",\"itemListElement\":[{\"@type\":\"ListItem\",\"position\":1,\"name\":\"Home\",\"item\":\"https:\/\/distillerie-maralpa.fr\/\"},{\"@type\":\"ListItem\",\"position\":2,\"name\":\"Produits\",\"item\":\"https:\/\/distillerie-maralpa.fr\/mentions-legales\/\"},{\"@type\":\"ListItem\",\"position\":3,\"name\":\"Citron \u00ab\u00a0Zestes Maralpins\u00a0\u00bb 2025\"}]},{\"@type\":\"WebSite\",\"@id\":\"https:\/\/distillerie-maralpa.fr\/#website\",\"url\":\"https:\/\/distillerie-maralpa.fr\/\",\"name\":\"Distilllerie Maralpa\",\"description\":\"Distillerie Ni\u00e7oise Artisanale\",\"publisher\":{\"@id\":\"https:\/\/distillerie-maralpa.fr\/#organization\"},\"potentialAction\":[{\"@type\":\"SearchAction\",\"target\":{\"@type\":\"EntryPoint\",\"urlTemplate\":\"https:\/\/distillerie-maralpa.fr\/?s={search_term_string}\"},\"query-input\":{\"@type\":\"PropertyValueSpecification\",\"valueRequired\":true,\"valueName\":\"search_term_string\"}}],\"inLanguage\":\"en-GB\"},{\"@type\":\"Organization\",\"@id\":\"https:\/\/distillerie-maralpa.fr\/#organization\",\"name\":\"Distilllerie Maralpa\",\"url\":\"https:\/\/distillerie-maralpa.fr\/\",\"logo\":{\"@type\":\"ImageObject\",\"inLanguage\":\"en-GB\",\"@id\":\"https:\/\/distillerie-maralpa.fr\/#\/schema\/logo\/image\/\",\"url\":\"https:\/\/distillerie-maralpa.fr\/wp-content\/uploads\/2024\/05\/cropped-LOGOS-MARALPA-FONDEE-A-NICE_bleu-scaled.png\",\"contentUrl\":\"https:\/\/distillerie-maralpa.fr\/wp-content\/uploads\/2024\/05\/cropped-LOGOS-MARALPA-FONDEE-A-NICE_bleu-scaled.png\",\"width\":2194,\"height\":2560,\"caption\":\"Distilllerie Maralpa\"},\"image\":{\"@id\":\"https:\/\/distillerie-maralpa.fr\/#\/schema\/logo\/image\/\"},\"sameAs\":[\"https:\/\/www.facebook.com\/DistillerieMaralpa\",\"https:\/\/www.instagram.com\/distillerie_maralpa\/\"]}]}<\/script>\n<!-- \/ Yoast SEO plugin. -->","yoast_head_json":{"title":"Citron \"Zestes Maralpins\" 2025 - Distilllerie Maralpa","description":"D\u00e9couvrez cette liqueur de Citrons r\u00e9colt\u00e9s dans la r\u00e9gion et distill\u00e9e \u00e0 Nice. Faiblement sucr\u00e9e, c'est le zest du fruit qui s'exprime","robots":{"index":"index","follow":"follow","max-snippet":"max-snippet:-1","max-image-preview":"max-image-preview:large","max-video-preview":"max-video-preview:-1"},"canonical":"https:\/\/distillerie-maralpa.fr\/en\/product\/citron-zestes-maralpins-2025\/","og_locale":"en_GB","og_type":"article","og_title":"Citron \"Zestes Maralpins\" 2025 - Distilllerie Maralpa","og_description":"D\u00e9couvrez cette liqueur de Citrons r\u00e9colt\u00e9s dans la r\u00e9gion et distill\u00e9e \u00e0 Nice. Faiblement sucr\u00e9e, c'est le zest du fruit qui s'exprime","og_url":"https:\/\/distillerie-maralpa.fr\/en\/product\/citron-zestes-maralpins-2025\/","og_site_name":"Distilllerie Maralpa","article_publisher":"https:\/\/www.facebook.com\/DistillerieMaralpa","article_modified_time":"2026-04-17T17:02:23+00:00","og_image":[{"url":"https:\/\/distillerie-maralpa.fr\/wp-content\/uploads\/2025\/05\/citron-packshot.png","width":800,"height":800,"type":"image\/png"}],"twitter_card":"summary_large_image","twitter_misc":{"Estimated reading time":"2 minutes"},"schema":{"@context":"https:\/\/schema.org","@graph":[{"@type":"WebPage","@id":"https:\/\/distillerie-maralpa.fr\/produit\/citron-zestes-maralpins-2025\/","url":"https:\/\/distillerie-maralpa.fr\/produit\/citron-zestes-maralpins-2025\/","name":"Citron \"Zestes Maralpins\" 2025 - Distilllerie Maralpa","isPartOf":{"@id":"https:\/\/distillerie-maralpa.fr\/#website"},"primaryImageOfPage":{"@id":"https:\/\/distillerie-maralpa.fr\/produit\/citron-zestes-maralpins-2025\/#primaryimage"},"image":{"@id":"https:\/\/distillerie-maralpa.fr\/produit\/citron-zestes-maralpins-2025\/#primaryimage"},"thumbnailUrl":"https:\/\/distillerie-maralpa.fr\/wp-content\/uploads\/2025\/05\/citron-packshot.png","datePublished":"2025-05-13T09:50:54+00:00","dateModified":"2026-04-17T17:02:23+00:00","description":"D\u00e9couvrez cette liqueur de Citrons r\u00e9colt\u00e9s dans la r\u00e9gion et distill\u00e9e \u00e0 Nice. Faiblement sucr\u00e9e, c'est le zest du fruit qui s'exprime","breadcrumb":{"@id":"https:\/\/distillerie-maralpa.fr\/produit\/citron-zestes-maralpins-2025\/#breadcrumb"},"inLanguage":"en-GB","potentialAction":[{"@type":"ReadAction","target":["https:\/\/distillerie-maralpa.fr\/produit\/citron-zestes-maralpins-2025\/"]}]},{"@type":"ImageObject","inLanguage":"en-GB","@id":"https:\/\/distillerie-maralpa.fr\/produit\/citron-zestes-maralpins-2025\/#primaryimage","url":"https:\/\/distillerie-maralpa.fr\/wp-content\/uploads\/2025\/05\/citron-packshot.png","contentUrl":"https:\/\/distillerie-maralpa.fr\/wp-content\/uploads\/2025\/05\/citron-packshot.png","width":2480,"height":2480},{"@type":"BreadcrumbList","@id":"https:\/\/distillerie-maralpa.fr\/produit\/citron-zestes-maralpins-2025\/#breadcrumb","itemListElement":[{"@type":"ListItem","position":1,"name":"Home","item":"https:\/\/distillerie-maralpa.fr\/"},{"@type":"ListItem","position":2,"name":"Produits","item":"https:\/\/distillerie-maralpa.fr\/mentions-legales\/"},{"@type":"ListItem","position":3,"name":"Citron \u00ab\u00a0Zestes Maralpins\u00a0\u00bb 2025"}]},{"@type":"WebSite","@id":"https:\/\/distillerie-maralpa.fr\/#website","url":"https:\/\/distillerie-maralpa.fr\/","name":"Distilllerie Maralpa","description":"Distillerie Ni\u00e7oise Artisanale","publisher":{"@id":"https:\/\/distillerie-maralpa.fr\/#organization"},"potentialAction":[{"@type":"SearchAction","target":{"@type":"EntryPoint","urlTemplate":"https:\/\/distillerie-maralpa.fr\/?s={search_term_string}"},"query-input":{"@type":"PropertyValueSpecification","valueRequired":true,"valueName":"search_term_string"}}],"inLanguage":"en-GB"},{"@type":"Organization","@id":"https:\/\/distillerie-maralpa.fr\/#organization","name":"Distilllerie Maralpa","url":"https:\/\/distillerie-maralpa.fr\/","logo":{"@type":"ImageObject","inLanguage":"en-GB","@id":"https:\/\/distillerie-maralpa.fr\/#\/schema\/logo\/image\/","url":"https:\/\/distillerie-maralpa.fr\/wp-content\/uploads\/2024\/05\/cropped-LOGOS-MARALPA-FONDEE-A-NICE_bleu-scaled.png","contentUrl":"https:\/\/distillerie-maralpa.fr\/wp-content\/uploads\/2024\/05\/cropped-LOGOS-MARALPA-FONDEE-A-NICE_bleu-scaled.png","width":2194,"height":2560,"caption":"Distilllerie Maralpa"},"image":{"@id":"https:\/\/distillerie-maralpa.fr\/#\/schema\/logo\/image\/"},"sameAs":["https:\/\/www.facebook.com\/DistillerieMaralpa","https:\/\/www.instagram.com\/distillerie_maralpa\/"]}]}},"_links":{"self":[{"href":"http:\/\/distillerie-maralpa.fr\/en\/wp-json\/wp\/v2\/product\/27446","targetHints":{"allow":["GET"]}}],"collection":[{"href":"http:\/\/distillerie-maralpa.fr\/en\/wp-json\/wp\/v2\/product"}],"about":[{"href":"http:\/\/distillerie-maralpa.fr\/en\/wp-json\/wp\/v2\/types\/product"}],"wp:featuredmedia":[{"embeddable":true,"href":"http:\/\/distillerie-maralpa.fr\/en\/wp-json\/wp\/v2\/media\/27541"}],"wp:attachment":[{"href":"http:\/\/distillerie-maralpa.fr\/en\/wp-json\/wp\/v2\/media?parent=27446"}],"wp:term":[{"taxonomy":"product_brand","embeddable":true,"href":"http:\/\/distillerie-maralpa.fr\/en\/wp-json\/wp\/v2\/product_brand?post=27446"},{"taxonomy":"product_cat","embeddable":true,"href":"http:\/\/distillerie-maralpa.fr\/en\/wp-json\/wp\/v2\/product_cat?post=27446"},{"taxonomy":"product_tag","embeddable":true,"href":"http:\/\/distillerie-maralpa.fr\/en\/wp-json\/wp\/v2\/product_tag?post=27446"}],"curies":[{"name":"wp","href":"https:\/\/api.w.org\/{rel}","templated":true}]}}