{"id":27374,"date":"2024-09-02T14:27:05","date_gmt":"2024-09-02T12:27:05","guid":{"rendered":"https:\/\/distillerie-maralpa.fr\/?post_type=product&#038;p=27374"},"modified":"2026-04-15T20:21:54","modified_gmt":"2026-04-15T18:21:54","slug":"verveine-2024","status":"publish","type":"product","link":"http:\/\/distillerie-maralpa.fr\/en\/product\/verveine-2024\/","title":{"rendered":"Verveine &#8211; 2025"},"content":{"rendered":"<h3 data-start=\"154\" data-end=\"204\">\ud83c\udf3f\u00a0<strong data-start=\"181\" data-end=\"243\">Une Verveine cultiv\u00e9e en Bio dans les Alpes-Maritimes.<\/strong><\/h3>\n<p>R\u00e9colt\u00e9e \u00e0 la main le matin, elle est mise en mac\u00e9ration aussit\u00f4t dans notre bon alcool de bl\u00e9 fran\u00e7ais, pour quelques jours seulement, afin d&rsquo;en extraire que la fra\u00eecheur de la plante, avant d\u2019\u00eatre enti\u00e8rement distill\u00e9e dans notre alambic en cuivre.<br data-start=\"446\" data-end=\"449\" \/>Une seconde infusion de verveine fra\u00eeche, directement dans le distillat obtenu, apporte la couleur et la touche aromatique finale.<br data-start=\"579\" data-end=\"582\" \/>Nous ajoutons ensuite notre sirop de sucre de betterave fran\u00e7ais (et bio), de l\u2019eau osmos\u00e9e, puis laissons reposer encore quelque temps pour que les ar\u00f4mes se fondent et que les saveurs s\u2019harmonisent.<br data-start=\"782\" data-end=\"785\" \/>Il en r\u00e9sulte une liqueur de verveine \u00e0 l\u2019intensit\u00e9 aromatique rare.<\/p>\n<p><strong>CONSEILS DE CONSOMMATION<\/strong><br \/>\nA d\u00e9guster pur et bien frais, sorti du cong\u00e9lateur ou du frigo pour un digestif parfait, aromatique et nappant.<\/p>\n<p><strong>VOLUME<br \/>\n<\/strong>50 cl<\/p>\n<p><strong>ABV<\/strong><br \/>\n31\u00b0<\/p>\n<p><strong>MILLESIME<br \/>\n<\/strong>2025<\/p>\n<p><strong>ID\u00c9E COCKTAIL<br \/>\n<\/strong><\/p>\n<h3 data-start=\"154\" data-end=\"204\">\ud83c\udf3f <strong data-start=\"376\" data-end=\"393\">Verveine Sour\u00a0<\/strong><\/h3>\n<p style=\"padding-left: 40px;\" data-start=\"420\" data-end=\"446\">5 cl liqueur de verveine<br \/>\n2 cl jus de citron jaune frais<br \/>\n1 cl sirop de sucre (si besoin)<br \/>\n1 blanc d\u2019\u0153uf (facultatif pour la mousse)<br \/>\nShake vigoureusement, servir dans un verre coupette<br \/>\nGarnish : feuille de verveine ou zeste<\/p>\n<p><strong>\u00a0<\/strong><\/p>","protected":false},"excerpt":{"rendered":"<p>Liqueur de verveine biologique des Alpes-Maritimes, distill\u00e9e dans notre alambic en cuivre. Une double infusion de verveine fra\u00eeche lui conf\u00e8re sa couleur et une intensit\u00e9 aromatique rare, sublim\u00e9e par un sirop de betterave bio et de l\u2019eau osmos\u00e9e.<\/p>","protected":false},"featured_media":27384,"template":"","meta":{"inline_featured_image":false},"product_brand":[],"product_cat":[87],"product_tag":[],"class_list":{"0":"post-27374","1":"product","2":"type-product","3":"status-publish","4":"has-post-thumbnail","6":"product_cat-liqueur","8":"first","9":"instock","10":"taxable","11":"shipping-taxable","12":"purchasable","13":"product-type-simple"},"yoast_head":"<!-- This site is optimized with the Yoast SEO plugin v25.3 - https:\/\/yoast.com\/wordpress\/plugins\/seo\/ -->\n<title>Verveine - 2025 - Distilllerie Maralpa<\/title>\n<meta name=\"description\" content=\"La verveine - ou comment transformer et mettre en avant la qualit\u00e9 exceptionnelle de notre territoire \u00e0 travers une liqueur distill\u00e9e en alambic.\" \/>\n<meta name=\"robots\" content=\"index, follow, max-snippet:-1, max-image-preview:large, max-video-preview:-1\" \/>\n<link rel=\"canonical\" href=\"https:\/\/distillerie-maralpa.fr\/en\/product\/verveine-2024\/\" \/>\n<meta property=\"og:locale\" content=\"en_GB\" \/>\n<meta property=\"og:type\" content=\"article\" \/>\n<meta property=\"og:title\" content=\"Verveine - 2025 - Distilllerie Maralpa\" \/>\n<meta property=\"og:description\" content=\"La verveine - ou comment transformer et mettre en avant la qualit\u00e9 exceptionnelle de notre territoire \u00e0 travers une liqueur distill\u00e9e en alambic.\" \/>\n<meta property=\"og:url\" content=\"https:\/\/distillerie-maralpa.fr\/en\/product\/verveine-2024\/\" \/>\n<meta property=\"og:site_name\" content=\"Distilllerie Maralpa\" \/>\n<meta property=\"article:publisher\" content=\"https:\/\/www.facebook.com\/DistillerieMaralpa\" \/>\n<meta property=\"article:modified_time\" content=\"2026-04-15T18:21:54+00:00\" \/>\n<meta property=\"og:image\" content=\"https:\/\/distillerie-maralpa.fr\/wp-content\/uploads\/2024\/09\/Design-sans-titre-7.png\" \/>\n\t<meta property=\"og:image:width\" content=\"2160\" \/>\n\t<meta property=\"og:image:height\" content=\"2160\" \/>\n\t<meta property=\"og:image:type\" content=\"image\/png\" \/>\n<meta name=\"twitter:card\" content=\"summary_large_image\" \/>\n<meta name=\"twitter:label1\" content=\"Estimated reading time\" \/>\n\t<meta name=\"twitter:data1\" content=\"2 minutes\" \/>\n<script type=\"application\/ld+json\" class=\"yoast-schema-graph\">{\"@context\":\"https:\/\/schema.org\",\"@graph\":[{\"@type\":\"WebPage\",\"@id\":\"https:\/\/distillerie-maralpa.fr\/produit\/verveine-2024\/\",\"url\":\"https:\/\/distillerie-maralpa.fr\/produit\/verveine-2024\/\",\"name\":\"Verveine - 2025 - Distilllerie Maralpa\",\"isPartOf\":{\"@id\":\"https:\/\/distillerie-maralpa.fr\/#website\"},\"primaryImageOfPage\":{\"@id\":\"https:\/\/distillerie-maralpa.fr\/produit\/verveine-2024\/#primaryimage\"},\"image\":{\"@id\":\"https:\/\/distillerie-maralpa.fr\/produit\/verveine-2024\/#primaryimage\"},\"thumbnailUrl\":\"https:\/\/distillerie-maralpa.fr\/wp-content\/uploads\/2024\/09\/Design-sans-titre-7.png\",\"datePublished\":\"2024-09-02T12:27:05+00:00\",\"dateModified\":\"2026-04-15T18:21:54+00:00\",\"description\":\"La verveine - ou comment transformer et mettre en avant la qualit\u00e9 exceptionnelle de notre territoire \u00e0 travers une liqueur distill\u00e9e en alambic.\",\"breadcrumb\":{\"@id\":\"https:\/\/distillerie-maralpa.fr\/produit\/verveine-2024\/#breadcrumb\"},\"inLanguage\":\"en-GB\",\"potentialAction\":[{\"@type\":\"ReadAction\",\"target\":[\"https:\/\/distillerie-maralpa.fr\/produit\/verveine-2024\/\"]}]},{\"@type\":\"ImageObject\",\"inLanguage\":\"en-GB\",\"@id\":\"https:\/\/distillerie-maralpa.fr\/produit\/verveine-2024\/#primaryimage\",\"url\":\"https:\/\/distillerie-maralpa.fr\/wp-content\/uploads\/2024\/09\/Design-sans-titre-7.png\",\"contentUrl\":\"https:\/\/distillerie-maralpa.fr\/wp-content\/uploads\/2024\/09\/Design-sans-titre-7.png\",\"width\":2160,\"height\":2160},{\"@type\":\"BreadcrumbList\",\"@id\":\"https:\/\/distillerie-maralpa.fr\/produit\/verveine-2024\/#breadcrumb\",\"itemListElement\":[{\"@type\":\"ListItem\",\"position\":1,\"name\":\"Home\",\"item\":\"https:\/\/distillerie-maralpa.fr\/\"},{\"@type\":\"ListItem\",\"position\":2,\"name\":\"Produits\",\"item\":\"https:\/\/distillerie-maralpa.fr\/mentions-legales\/\"},{\"@type\":\"ListItem\",\"position\":3,\"name\":\"Verveine &#8211; 2025\"}]},{\"@type\":\"WebSite\",\"@id\":\"https:\/\/distillerie-maralpa.fr\/#website\",\"url\":\"https:\/\/distillerie-maralpa.fr\/\",\"name\":\"Distilllerie Maralpa\",\"description\":\"Distillerie Ni\u00e7oise Artisanale\",\"publisher\":{\"@id\":\"https:\/\/distillerie-maralpa.fr\/#organization\"},\"potentialAction\":[{\"@type\":\"SearchAction\",\"target\":{\"@type\":\"EntryPoint\",\"urlTemplate\":\"https:\/\/distillerie-maralpa.fr\/?s={search_term_string}\"},\"query-input\":{\"@type\":\"PropertyValueSpecification\",\"valueRequired\":true,\"valueName\":\"search_term_string\"}}],\"inLanguage\":\"en-GB\"},{\"@type\":\"Organization\",\"@id\":\"https:\/\/distillerie-maralpa.fr\/#organization\",\"name\":\"Distilllerie Maralpa\",\"url\":\"https:\/\/distillerie-maralpa.fr\/\",\"logo\":{\"@type\":\"ImageObject\",\"inLanguage\":\"en-GB\",\"@id\":\"https:\/\/distillerie-maralpa.fr\/#\/schema\/logo\/image\/\",\"url\":\"https:\/\/distillerie-maralpa.fr\/wp-content\/uploads\/2024\/05\/cropped-LOGOS-MARALPA-FONDEE-A-NICE_bleu-scaled.png\",\"contentUrl\":\"https:\/\/distillerie-maralpa.fr\/wp-content\/uploads\/2024\/05\/cropped-LOGOS-MARALPA-FONDEE-A-NICE_bleu-scaled.png\",\"width\":2194,\"height\":2560,\"caption\":\"Distilllerie Maralpa\"},\"image\":{\"@id\":\"https:\/\/distillerie-maralpa.fr\/#\/schema\/logo\/image\/\"},\"sameAs\":[\"https:\/\/www.facebook.com\/DistillerieMaralpa\",\"https:\/\/www.instagram.com\/distillerie_maralpa\/\"]}]}<\/script>\n<!-- \/ Yoast SEO plugin. -->","yoast_head_json":{"title":"Verveine - 2025 - Distilllerie Maralpa","description":"La verveine - ou comment transformer et mettre en avant la qualit\u00e9 exceptionnelle de notre territoire \u00e0 travers une liqueur distill\u00e9e en alambic.","robots":{"index":"index","follow":"follow","max-snippet":"max-snippet:-1","max-image-preview":"max-image-preview:large","max-video-preview":"max-video-preview:-1"},"canonical":"https:\/\/distillerie-maralpa.fr\/en\/product\/verveine-2024\/","og_locale":"en_GB","og_type":"article","og_title":"Verveine - 2025 - Distilllerie Maralpa","og_description":"La verveine - ou comment transformer et mettre en avant la qualit\u00e9 exceptionnelle de notre territoire \u00e0 travers une liqueur distill\u00e9e en alambic.","og_url":"https:\/\/distillerie-maralpa.fr\/en\/product\/verveine-2024\/","og_site_name":"Distilllerie Maralpa","article_publisher":"https:\/\/www.facebook.com\/DistillerieMaralpa","article_modified_time":"2026-04-15T18:21:54+00:00","og_image":[{"width":2160,"height":2160,"url":"https:\/\/distillerie-maralpa.fr\/wp-content\/uploads\/2024\/09\/Design-sans-titre-7.png","type":"image\/png"}],"twitter_card":"summary_large_image","twitter_misc":{"Estimated reading time":"2 minutes"},"schema":{"@context":"https:\/\/schema.org","@graph":[{"@type":"WebPage","@id":"https:\/\/distillerie-maralpa.fr\/produit\/verveine-2024\/","url":"https:\/\/distillerie-maralpa.fr\/produit\/verveine-2024\/","name":"Verveine - 2025 - Distilllerie Maralpa","isPartOf":{"@id":"https:\/\/distillerie-maralpa.fr\/#website"},"primaryImageOfPage":{"@id":"https:\/\/distillerie-maralpa.fr\/produit\/verveine-2024\/#primaryimage"},"image":{"@id":"https:\/\/distillerie-maralpa.fr\/produit\/verveine-2024\/#primaryimage"},"thumbnailUrl":"https:\/\/distillerie-maralpa.fr\/wp-content\/uploads\/2024\/09\/Design-sans-titre-7.png","datePublished":"2024-09-02T12:27:05+00:00","dateModified":"2026-04-15T18:21:54+00:00","description":"La verveine - ou comment transformer et mettre en avant la qualit\u00e9 exceptionnelle de notre territoire \u00e0 travers une liqueur distill\u00e9e en alambic.","breadcrumb":{"@id":"https:\/\/distillerie-maralpa.fr\/produit\/verveine-2024\/#breadcrumb"},"inLanguage":"en-GB","potentialAction":[{"@type":"ReadAction","target":["https:\/\/distillerie-maralpa.fr\/produit\/verveine-2024\/"]}]},{"@type":"ImageObject","inLanguage":"en-GB","@id":"https:\/\/distillerie-maralpa.fr\/produit\/verveine-2024\/#primaryimage","url":"https:\/\/distillerie-maralpa.fr\/wp-content\/uploads\/2024\/09\/Design-sans-titre-7.png","contentUrl":"https:\/\/distillerie-maralpa.fr\/wp-content\/uploads\/2024\/09\/Design-sans-titre-7.png","width":2160,"height":2160},{"@type":"BreadcrumbList","@id":"https:\/\/distillerie-maralpa.fr\/produit\/verveine-2024\/#breadcrumb","itemListElement":[{"@type":"ListItem","position":1,"name":"Home","item":"https:\/\/distillerie-maralpa.fr\/"},{"@type":"ListItem","position":2,"name":"Produits","item":"https:\/\/distillerie-maralpa.fr\/mentions-legales\/"},{"@type":"ListItem","position":3,"name":"Verveine &#8211; 2025"}]},{"@type":"WebSite","@id":"https:\/\/distillerie-maralpa.fr\/#website","url":"https:\/\/distillerie-maralpa.fr\/","name":"Distilllerie Maralpa","description":"Distillerie Ni\u00e7oise Artisanale","publisher":{"@id":"https:\/\/distillerie-maralpa.fr\/#organization"},"potentialAction":[{"@type":"SearchAction","target":{"@type":"EntryPoint","urlTemplate":"https:\/\/distillerie-maralpa.fr\/?s={search_term_string}"},"query-input":{"@type":"PropertyValueSpecification","valueRequired":true,"valueName":"search_term_string"}}],"inLanguage":"en-GB"},{"@type":"Organization","@id":"https:\/\/distillerie-maralpa.fr\/#organization","name":"Distilllerie Maralpa","url":"https:\/\/distillerie-maralpa.fr\/","logo":{"@type":"ImageObject","inLanguage":"en-GB","@id":"https:\/\/distillerie-maralpa.fr\/#\/schema\/logo\/image\/","url":"https:\/\/distillerie-maralpa.fr\/wp-content\/uploads\/2024\/05\/cropped-LOGOS-MARALPA-FONDEE-A-NICE_bleu-scaled.png","contentUrl":"https:\/\/distillerie-maralpa.fr\/wp-content\/uploads\/2024\/05\/cropped-LOGOS-MARALPA-FONDEE-A-NICE_bleu-scaled.png","width":2194,"height":2560,"caption":"Distilllerie Maralpa"},"image":{"@id":"https:\/\/distillerie-maralpa.fr\/#\/schema\/logo\/image\/"},"sameAs":["https:\/\/www.facebook.com\/DistillerieMaralpa","https:\/\/www.instagram.com\/distillerie_maralpa\/"]}]}},"_links":{"self":[{"href":"http:\/\/distillerie-maralpa.fr\/en\/wp-json\/wp\/v2\/product\/27374","targetHints":{"allow":["GET"]}}],"collection":[{"href":"http:\/\/distillerie-maralpa.fr\/en\/wp-json\/wp\/v2\/product"}],"about":[{"href":"http:\/\/distillerie-maralpa.fr\/en\/wp-json\/wp\/v2\/types\/product"}],"wp:featuredmedia":[{"embeddable":true,"href":"http:\/\/distillerie-maralpa.fr\/en\/wp-json\/wp\/v2\/media\/27384"}],"wp:attachment":[{"href":"http:\/\/distillerie-maralpa.fr\/en\/wp-json\/wp\/v2\/media?parent=27374"}],"wp:term":[{"taxonomy":"product_brand","embeddable":true,"href":"http:\/\/distillerie-maralpa.fr\/en\/wp-json\/wp\/v2\/product_brand?post=27374"},{"taxonomy":"product_cat","embeddable":true,"href":"http:\/\/distillerie-maralpa.fr\/en\/wp-json\/wp\/v2\/product_cat?post=27374"},{"taxonomy":"product_tag","embeddable":true,"href":"http:\/\/distillerie-maralpa.fr\/en\/wp-json\/wp\/v2\/product_tag?post=27374"}],"curies":[{"name":"wp","href":"https:\/\/api.w.org\/{rel}","templated":true}]}}