{"id":26990,"date":"2024-06-11T18:55:51","date_gmt":"2024-06-11T16:55:51","guid":{"rendered":"https:\/\/distillerie-maralpa.fr\/?post_type=product&#038;p=26990"},"modified":"2026-04-17T19:02:26","modified_gmt":"2026-04-17T17:02:26","slug":"clementine-ecorces-maralpines-2025","status":"publish","type":"product","link":"http:\/\/distillerie-maralpa.fr\/en\/product\/clementine-ecorces-maralpines-2025\/","title":{"rendered":"Cl\u00e9mentine \u00ab\u00a0\u00c9corces Maralpines\u00a0\u00bb 2025"},"content":{"rendered":"<p><strong data-start=\"352\" data-end=\"457\">Une Cl\u00e9mentine biologique des Alpes-Maritimes, travaill\u00e9e dans le respect de son intensit\u00e9 naturelle.<br \/>\n<\/strong>Zest\u00e9es \u00e0 la main pour en pr\u00e9server toute la finesse, les cl\u00e9mentines mac\u00e8rent quelques jours dans notre alcool de bl\u00e9 fran\u00e7ais avant d\u2019\u00eatre distill\u00e9es dans notre alambic en cuivre. Ce proc\u00e9d\u00e9 r\u00e9v\u00e8le la richesse aromatique du fruit et restitue la fine amertume de ses zestes.<br data-start=\"741\" data-end=\"744\" \/>Nous ajoutons ensuite un sirop de sucre de betterave bio issu de France m\u00e9tropolitaine, ainsi que de l\u2019eau osmos\u00e9e, afin d\u2019apporter \u00e9quilibre et justesse sans exc\u00e8s de douceur. Nous avons tent\u00e9 de restituer le parfum d&rsquo;une cl\u00e9mentine fra\u00eechement \u00e9pluch\u00e9e.\u00a0<br data-start=\"916\" data-end=\"919\" \/>Apr\u00e8s un temps de repos, les ar\u00f4mes se fondent et offrent une liqueur d\u2019une intensit\u00e9 rare, \u00e0 la fois fra\u00eeche, fine et persistante.<\/p>\n<p>Une cr\u00e9ation r\u00e9compens\u00e9e d\u2019une m\u00e9daille d\u2019or au Concours International de Lyon<\/p>\n<p><!--more--><\/p>\n<p><strong>VOLUME<br \/>\n<\/strong>50 cl<\/p>\n<p><strong>ABV<\/strong><br \/>\n31,5\u00b0<\/p>\n<p><strong>FABRICATION<br \/>\n<\/strong>Bottling 2025<\/p>\n<p><img decoding=\"async\" class=\"wp-image-27645 aligncenter\" src=\"https:\/\/distillerie-maralpa.fr\/wp-content\/uploads\/2024\/06\/medaille-or-297x300.jpg\" alt=\"\" width=\"77\" height=\"78\" srcset=\"https:\/\/distillerie-maralpa.fr\/wp-content\/uploads\/2024\/06\/medaille-or-297x300.jpg 297w, https:\/\/distillerie-maralpa.fr\/wp-content\/uploads\/2024\/06\/medaille-or-150x150.jpg 150w, https:\/\/distillerie-maralpa.fr\/wp-content\/uploads\/2024\/06\/medaille-or-100x100.jpg 100w, https:\/\/distillerie-maralpa.fr\/wp-content\/uploads\/2024\/06\/medaille-or-50x50.jpg 50w, https:\/\/distillerie-maralpa.fr\/wp-content\/uploads\/2024\/06\/medaille-or.jpg 660w\" sizes=\"(max-width: 77px) 100vw, 77px\" \/><\/p>\n<p>Our Clementine Liqueur was awarded a Gold Medal at the 2025 International Competition in Lyon.<\/p>","protected":false},"excerpt":{"rendered":"<p>Liqueur de Cl\u00e9mentine bio des Alpes-Maritimes, zest\u00e9e \u00e0 la main et distill\u00e9e. Intense, fine et peu sucr\u00e9e, elle exprime toute la fra\u00eecheur du fruit.<\/p>","protected":false},"featured_media":27542,"template":"","meta":{"inline_featured_image":false},"product_brand":[],"product_cat":[87],"product_tag":[],"class_list":{"0":"post-26990","1":"product","2":"type-product","3":"status-publish","4":"has-post-thumbnail","6":"product_cat-liqueur","8":"first","9":"instock","10":"taxable","11":"shipping-taxable","12":"purchasable","13":"product-type-simple"},"yoast_head":"<!-- This site is optimized with the Yoast SEO plugin v25.3 - https:\/\/yoast.com\/wordpress\/plugins\/seo\/ -->\n<title>Cl\u00e9mentine &quot;\u00c9corces Maralpines&quot; 2025 - Distilllerie Maralpa<\/title>\n<meta name=\"description\" content=\"D\u00e9couvrez cette liqueur de Cl\u00e9mentines r\u00e9colt\u00e9es sur les collines Ni\u00e7oises et distill\u00e9e \u00e0 Nice. Faiblement sucr\u00e9e, c&#039;est le zest du fruit qui s&#039;exprime\" \/>\n<meta name=\"robots\" content=\"index, follow, max-snippet:-1, max-image-preview:large, max-video-preview:-1\" \/>\n<link rel=\"canonical\" href=\"https:\/\/distillerie-maralpa.fr\/en\/product\/clementine-ecorces-maralpines-2025\/\" \/>\n<meta property=\"og:locale\" content=\"en_GB\" \/>\n<meta property=\"og:type\" content=\"article\" \/>\n<meta property=\"og:title\" content=\"Cl\u00e9mentine &quot;\u00c9corces Maralpines&quot; 2025 - Distilllerie Maralpa\" \/>\n<meta property=\"og:description\" content=\"D\u00e9couvrez cette liqueur de Cl\u00e9mentines r\u00e9colt\u00e9es sur les collines Ni\u00e7oises et distill\u00e9e \u00e0 Nice. Faiblement sucr\u00e9e, c&#039;est le zest du fruit qui s&#039;exprime\" \/>\n<meta property=\"og:url\" content=\"https:\/\/distillerie-maralpa.fr\/en\/product\/clementine-ecorces-maralpines-2025\/\" \/>\n<meta property=\"og:site_name\" content=\"Distilllerie Maralpa\" \/>\n<meta property=\"article:publisher\" content=\"https:\/\/www.facebook.com\/DistillerieMaralpa\" \/>\n<meta property=\"article:modified_time\" content=\"2026-04-17T17:02:26+00:00\" \/>\n<meta property=\"og:image\" content=\"https:\/\/distillerie-maralpa.fr\/wp-content\/uploads\/2025\/05\/clementine-packshot.png\" \/>\n\t<meta property=\"og:image:width\" content=\"800\" \/>\n\t<meta property=\"og:image:height\" content=\"800\" \/>\n\t<meta property=\"og:image:type\" content=\"image\/png\" \/>\n<meta name=\"twitter:card\" content=\"summary_large_image\" \/>\n<meta name=\"twitter:label1\" content=\"Estimated reading time\" \/>\n\t<meta name=\"twitter:data1\" content=\"2 minutes\" \/>\n<script type=\"application\/ld+json\" class=\"yoast-schema-graph\">{\"@context\":\"https:\/\/schema.org\",\"@graph\":[{\"@type\":\"WebPage\",\"@id\":\"https:\/\/distillerie-maralpa.fr\/produit\/clementine-ecorces-maralpines-2025\/\",\"url\":\"https:\/\/distillerie-maralpa.fr\/produit\/clementine-ecorces-maralpines-2025\/\",\"name\":\"Cl\u00e9mentine \\\"\u00c9corces Maralpines\\\" 2025 - Distilllerie Maralpa\",\"isPartOf\":{\"@id\":\"https:\/\/distillerie-maralpa.fr\/#website\"},\"primaryImageOfPage\":{\"@id\":\"https:\/\/distillerie-maralpa.fr\/produit\/clementine-ecorces-maralpines-2025\/#primaryimage\"},\"image\":{\"@id\":\"https:\/\/distillerie-maralpa.fr\/produit\/clementine-ecorces-maralpines-2025\/#primaryimage\"},\"thumbnailUrl\":\"https:\/\/distillerie-maralpa.fr\/wp-content\/uploads\/2025\/05\/clementine-packshot.png\",\"datePublished\":\"2024-06-11T16:55:51+00:00\",\"dateModified\":\"2026-04-17T17:02:26+00:00\",\"description\":\"D\u00e9couvrez cette liqueur de Cl\u00e9mentines r\u00e9colt\u00e9es sur les collines Ni\u00e7oises et distill\u00e9e \u00e0 Nice. Faiblement sucr\u00e9e, c'est le zest du fruit qui s'exprime\",\"breadcrumb\":{\"@id\":\"https:\/\/distillerie-maralpa.fr\/produit\/clementine-ecorces-maralpines-2025\/#breadcrumb\"},\"inLanguage\":\"en-GB\",\"potentialAction\":[{\"@type\":\"ReadAction\",\"target\":[\"https:\/\/distillerie-maralpa.fr\/produit\/clementine-ecorces-maralpines-2025\/\"]}]},{\"@type\":\"ImageObject\",\"inLanguage\":\"en-GB\",\"@id\":\"https:\/\/distillerie-maralpa.fr\/produit\/clementine-ecorces-maralpines-2025\/#primaryimage\",\"url\":\"https:\/\/distillerie-maralpa.fr\/wp-content\/uploads\/2025\/05\/clementine-packshot.png\",\"contentUrl\":\"https:\/\/distillerie-maralpa.fr\/wp-content\/uploads\/2025\/05\/clementine-packshot.png\",\"width\":2480,\"height\":2480},{\"@type\":\"BreadcrumbList\",\"@id\":\"https:\/\/distillerie-maralpa.fr\/produit\/clementine-ecorces-maralpines-2025\/#breadcrumb\",\"itemListElement\":[{\"@type\":\"ListItem\",\"position\":1,\"name\":\"Home\",\"item\":\"https:\/\/distillerie-maralpa.fr\/\"},{\"@type\":\"ListItem\",\"position\":2,\"name\":\"Produits\",\"item\":\"https:\/\/distillerie-maralpa.fr\/mentions-legales\/\"},{\"@type\":\"ListItem\",\"position\":3,\"name\":\"Cl\u00e9mentine \u00ab\u00a0\u00c9corces Maralpines\u00a0\u00bb 2025\"}]},{\"@type\":\"WebSite\",\"@id\":\"https:\/\/distillerie-maralpa.fr\/#website\",\"url\":\"https:\/\/distillerie-maralpa.fr\/\",\"name\":\"Distilllerie Maralpa\",\"description\":\"Distillerie Ni\u00e7oise Artisanale\",\"publisher\":{\"@id\":\"https:\/\/distillerie-maralpa.fr\/#organization\"},\"potentialAction\":[{\"@type\":\"SearchAction\",\"target\":{\"@type\":\"EntryPoint\",\"urlTemplate\":\"https:\/\/distillerie-maralpa.fr\/?s={search_term_string}\"},\"query-input\":{\"@type\":\"PropertyValueSpecification\",\"valueRequired\":true,\"valueName\":\"search_term_string\"}}],\"inLanguage\":\"en-GB\"},{\"@type\":\"Organization\",\"@id\":\"https:\/\/distillerie-maralpa.fr\/#organization\",\"name\":\"Distilllerie Maralpa\",\"url\":\"https:\/\/distillerie-maralpa.fr\/\",\"logo\":{\"@type\":\"ImageObject\",\"inLanguage\":\"en-GB\",\"@id\":\"https:\/\/distillerie-maralpa.fr\/#\/schema\/logo\/image\/\",\"url\":\"https:\/\/distillerie-maralpa.fr\/wp-content\/uploads\/2024\/05\/cropped-LOGOS-MARALPA-FONDEE-A-NICE_bleu-scaled.png\",\"contentUrl\":\"https:\/\/distillerie-maralpa.fr\/wp-content\/uploads\/2024\/05\/cropped-LOGOS-MARALPA-FONDEE-A-NICE_bleu-scaled.png\",\"width\":2194,\"height\":2560,\"caption\":\"Distilllerie Maralpa\"},\"image\":{\"@id\":\"https:\/\/distillerie-maralpa.fr\/#\/schema\/logo\/image\/\"},\"sameAs\":[\"https:\/\/www.facebook.com\/DistillerieMaralpa\",\"https:\/\/www.instagram.com\/distillerie_maralpa\/\"]}]}<\/script>\n<!-- \/ Yoast SEO plugin. -->","yoast_head_json":{"title":"Cl\u00e9mentine \"\u00c9corces Maralpines\" 2025 - Distilllerie Maralpa","description":"D\u00e9couvrez cette liqueur de Cl\u00e9mentines r\u00e9colt\u00e9es sur les collines Ni\u00e7oises et distill\u00e9e \u00e0 Nice. Faiblement sucr\u00e9e, c'est le zest du fruit qui s'exprime","robots":{"index":"index","follow":"follow","max-snippet":"max-snippet:-1","max-image-preview":"max-image-preview:large","max-video-preview":"max-video-preview:-1"},"canonical":"https:\/\/distillerie-maralpa.fr\/en\/product\/clementine-ecorces-maralpines-2025\/","og_locale":"en_GB","og_type":"article","og_title":"Cl\u00e9mentine \"\u00c9corces Maralpines\" 2025 - Distilllerie Maralpa","og_description":"D\u00e9couvrez cette liqueur de Cl\u00e9mentines r\u00e9colt\u00e9es sur les collines Ni\u00e7oises et distill\u00e9e \u00e0 Nice. Faiblement sucr\u00e9e, c'est le zest du fruit qui s'exprime","og_url":"https:\/\/distillerie-maralpa.fr\/en\/product\/clementine-ecorces-maralpines-2025\/","og_site_name":"Distilllerie Maralpa","article_publisher":"https:\/\/www.facebook.com\/DistillerieMaralpa","article_modified_time":"2026-04-17T17:02:26+00:00","og_image":[{"url":"https:\/\/distillerie-maralpa.fr\/wp-content\/uploads\/2025\/05\/clementine-packshot.png","width":800,"height":800,"type":"image\/png"}],"twitter_card":"summary_large_image","twitter_misc":{"Estimated reading time":"2 minutes"},"schema":{"@context":"https:\/\/schema.org","@graph":[{"@type":"WebPage","@id":"https:\/\/distillerie-maralpa.fr\/produit\/clementine-ecorces-maralpines-2025\/","url":"https:\/\/distillerie-maralpa.fr\/produit\/clementine-ecorces-maralpines-2025\/","name":"Cl\u00e9mentine \"\u00c9corces Maralpines\" 2025 - Distilllerie Maralpa","isPartOf":{"@id":"https:\/\/distillerie-maralpa.fr\/#website"},"primaryImageOfPage":{"@id":"https:\/\/distillerie-maralpa.fr\/produit\/clementine-ecorces-maralpines-2025\/#primaryimage"},"image":{"@id":"https:\/\/distillerie-maralpa.fr\/produit\/clementine-ecorces-maralpines-2025\/#primaryimage"},"thumbnailUrl":"https:\/\/distillerie-maralpa.fr\/wp-content\/uploads\/2025\/05\/clementine-packshot.png","datePublished":"2024-06-11T16:55:51+00:00","dateModified":"2026-04-17T17:02:26+00:00","description":"D\u00e9couvrez cette liqueur de Cl\u00e9mentines r\u00e9colt\u00e9es sur les collines Ni\u00e7oises et distill\u00e9e \u00e0 Nice. Faiblement sucr\u00e9e, c'est le zest du fruit qui s'exprime","breadcrumb":{"@id":"https:\/\/distillerie-maralpa.fr\/produit\/clementine-ecorces-maralpines-2025\/#breadcrumb"},"inLanguage":"en-GB","potentialAction":[{"@type":"ReadAction","target":["https:\/\/distillerie-maralpa.fr\/produit\/clementine-ecorces-maralpines-2025\/"]}]},{"@type":"ImageObject","inLanguage":"en-GB","@id":"https:\/\/distillerie-maralpa.fr\/produit\/clementine-ecorces-maralpines-2025\/#primaryimage","url":"https:\/\/distillerie-maralpa.fr\/wp-content\/uploads\/2025\/05\/clementine-packshot.png","contentUrl":"https:\/\/distillerie-maralpa.fr\/wp-content\/uploads\/2025\/05\/clementine-packshot.png","width":2480,"height":2480},{"@type":"BreadcrumbList","@id":"https:\/\/distillerie-maralpa.fr\/produit\/clementine-ecorces-maralpines-2025\/#breadcrumb","itemListElement":[{"@type":"ListItem","position":1,"name":"Home","item":"https:\/\/distillerie-maralpa.fr\/"},{"@type":"ListItem","position":2,"name":"Produits","item":"https:\/\/distillerie-maralpa.fr\/mentions-legales\/"},{"@type":"ListItem","position":3,"name":"Cl\u00e9mentine \u00ab\u00a0\u00c9corces Maralpines\u00a0\u00bb 2025"}]},{"@type":"WebSite","@id":"https:\/\/distillerie-maralpa.fr\/#website","url":"https:\/\/distillerie-maralpa.fr\/","name":"Distilllerie Maralpa","description":"Distillerie Ni\u00e7oise Artisanale","publisher":{"@id":"https:\/\/distillerie-maralpa.fr\/#organization"},"potentialAction":[{"@type":"SearchAction","target":{"@type":"EntryPoint","urlTemplate":"https:\/\/distillerie-maralpa.fr\/?s={search_term_string}"},"query-input":{"@type":"PropertyValueSpecification","valueRequired":true,"valueName":"search_term_string"}}],"inLanguage":"en-GB"},{"@type":"Organization","@id":"https:\/\/distillerie-maralpa.fr\/#organization","name":"Distilllerie Maralpa","url":"https:\/\/distillerie-maralpa.fr\/","logo":{"@type":"ImageObject","inLanguage":"en-GB","@id":"https:\/\/distillerie-maralpa.fr\/#\/schema\/logo\/image\/","url":"https:\/\/distillerie-maralpa.fr\/wp-content\/uploads\/2024\/05\/cropped-LOGOS-MARALPA-FONDEE-A-NICE_bleu-scaled.png","contentUrl":"https:\/\/distillerie-maralpa.fr\/wp-content\/uploads\/2024\/05\/cropped-LOGOS-MARALPA-FONDEE-A-NICE_bleu-scaled.png","width":2194,"height":2560,"caption":"Distilllerie Maralpa"},"image":{"@id":"https:\/\/distillerie-maralpa.fr\/#\/schema\/logo\/image\/"},"sameAs":["https:\/\/www.facebook.com\/DistillerieMaralpa","https:\/\/www.instagram.com\/distillerie_maralpa\/"]}]}},"_links":{"self":[{"href":"http:\/\/distillerie-maralpa.fr\/en\/wp-json\/wp\/v2\/product\/26990","targetHints":{"allow":["GET"]}}],"collection":[{"href":"http:\/\/distillerie-maralpa.fr\/en\/wp-json\/wp\/v2\/product"}],"about":[{"href":"http:\/\/distillerie-maralpa.fr\/en\/wp-json\/wp\/v2\/types\/product"}],"wp:featuredmedia":[{"embeddable":true,"href":"http:\/\/distillerie-maralpa.fr\/en\/wp-json\/wp\/v2\/media\/27542"}],"wp:attachment":[{"href":"http:\/\/distillerie-maralpa.fr\/en\/wp-json\/wp\/v2\/media?parent=26990"}],"wp:term":[{"taxonomy":"product_brand","embeddable":true,"href":"http:\/\/distillerie-maralpa.fr\/en\/wp-json\/wp\/v2\/product_brand?post=26990"},{"taxonomy":"product_cat","embeddable":true,"href":"http:\/\/distillerie-maralpa.fr\/en\/wp-json\/wp\/v2\/product_cat?post=26990"},{"taxonomy":"product_tag","embeddable":true,"href":"http:\/\/distillerie-maralpa.fr\/en\/wp-json\/wp\/v2\/product_tag?post=26990"}],"curies":[{"name":"wp","href":"https:\/\/api.w.org\/{rel}","templated":true}]}}