{"id":3,"date":"2024-02-02T12:09:56","date_gmt":"2024-02-02T11:09:56","guid":{"rendered":"http:\/\/distillerie-maralpa.fr\/?page_id=3"},"modified":"2024-04-25T19:53:28","modified_gmt":"2024-04-25T17:53:28","slug":"mentions-legales","status":"publish","type":"page","link":"http:\/\/distillerie-maralpa.fr\/en\/mentions-legales\/","title":{"rendered":"Mentions l\u00e9gales"},"content":{"rendered":"<p>Conform\u00e9ment aux dispositions de la loi n\u00b0 2004-575 du 21 juin 2004 pour la confiance en l&rsquo;\u00e9conomie num\u00e9rique, il est pr\u00e9cis\u00e9 aux utilisateurs du site Distillerie -Maralpa l&rsquo;identit\u00e9 des diff\u00e9rents intervenants dans le cadre de sa r\u00e9alisation et de son suivi.<\/p>\n<p>Edition du site :<br \/>\nLe pr\u00e9sent site, accessible \u00e0 l\u2019URL www.distillerie-maralpa.fr (le \u00ab Site \u00bb), est \u00e9dit\u00e9 par : SAS DISTILLERIE MARALPA , soci\u00e9t\u00e9 au capital de 3000 euros, inscrite au R.C.S. de NICE sous le num\u00e9ro RCS NICE 982754897, dont le si\u00e8ge social est situ\u00e9 au 29 avenue des platanes prolong\u00e9e 06100 NICE, repr\u00e9sent\u00e9(e) par Julian Servolle d\u00fbment habilit\u00e9.<\/p>\n<p>Le num\u00e9ro individuel TVA de l\u2019\u00e9diteur est : FR46982754897.<\/p>\n<p>H\u00e9bergement :<br \/>\nLe Site est h\u00e9berg\u00e9 par la soci\u00e9t\u00e9 Wix Online Platform Limited, situ\u00e9 1 Grant\u2019s Row, Dublin 2 D02HX96, Ireland, (contact t\u00e9l\u00e9phonique ou email : (+1) 415 358 0857).<\/p>\n<p>Directeur de publication :<br \/>\nLe Directeur de la publication du Site est Julian Servolle.<\/p>\n<p>Nous contacter :<br \/>\nPar t\u00e9l\u00e9phone : +33623791175<br \/>\nPar email : contact@distillerie-maralpa.fr<br \/>\nPar courrier : 46 Chemin du Vallon Sabatier, 06100 NICE.<br \/>\n\u200b<br \/>\nCr\u00e9dit photos :<br \/>\nJoran Vallecchia<br \/>\nInstagram : @iamjoran<br \/>\nT\u00e9l\u00e9phone : +33622119654<br \/>\n\u200b<br \/>\nDroit d&rsquo;auteur :<br \/>\nLes informations, pictogrammes, photographies, images, textes, s\u00e9quences vid\u00e9o, animations, logotypes et autres documents pr\u00e9sents sur le site internet sont prot\u00e9g\u00e9s par le droit de la propri\u00e9t\u00e9 intellectuelle. En ces termes, l\u2019article L 122-4 du Code de la propri\u00e9t\u00e9 intellectuelle indique que toute repr\u00e9sentation ou reproduction int\u00e9grale ou partielle faite sans le consentement de l\u2019auteur ou de ses ayants droit ou ayants cause est illicite. Il en est de m\u00eame pour la traduction, l\u2019adaptation ou la transformation, l\u2019arrangement ou la reproduction par un art ou un proc\u00e9d\u00e9 quelconque. Ainsi, toute copie illicite du site peut faire l\u2019objet de poursuites sur le terrain de la contrefa\u00e7on sanctionn\u00e9e par les articles L 335-2 et suivants du Code de la propri\u00e9t\u00e9 intellectuelle.<br \/>\n\u200b<br \/>\nDonn\u00e9es personnelles :<br \/>\nEn application \u00e0 la loi, les internautes disposent d\u2019un droit d\u2019acc\u00e8s, de rectification, de modification et de suppression concernant leurs donn\u00e9es personnelles. Pour en savoir plus, consulter notre politique de confidentialit\u00e9.<br \/>\nCookies. Pour des besoins statistiques et d\u2019affichage, le site actuel utilise des cookies. Il s\u2019agit de fichiers textes stock\u00e9s sur un disque dur afin d\u2019enregistrer des donn\u00e9es techniques sur votre navigation. Certaines parties du site peuvent \u00eatre bloqu\u00e9es sans l\u2019acceptation des cookies.<\/p>\n<p>LA FINALIT\u00c9 DES COOKIES<br \/>\nNous utilisons des cookies dans le seul et unique but d\u2019am\u00e9liorer la qualit\u00e9 de nos services. Ces donn\u00e9es ne sont pas communiqu\u00e9es \u00e0 quelques tiers que ce soit. Google Analytics est utilis\u00e9 de fa\u00e7on anonyme pour am\u00e9liorer l\u2019exp\u00e9rience utilisateur sur notre site web.<\/p>\n<p>VOS CHOIX CONCERNANT LES COOKIES<br \/>\nVous pouvez \u00e0 tout moment faire le choix d\u2019accepter ou non les cookies. Si vous acceptez l\u2019enregistrement de cookies dans votre terminal, les cookies int\u00e9gr\u00e9s dans les pages et contenus que vous avez consult\u00e9s pourront \u00eatre stock\u00e9s temporairement dans un espace d\u00e9di\u00e9. Ils y seront lisibles uniquement par leur \u00e9metteur.<br \/>\nSi vous refusez l\u2019enregistrement de cookies dans votre terminal, vous pourrez ne plus b\u00e9n\u00e9ficier d\u2019un certain nombre de fonctionnalit\u00e9s. Le cas \u00e9ch\u00e9ant, nous d\u00e9clinons toute responsabilit\u00e9 pour les cons\u00e9quences li\u00e9es au dysfonctionnement de nos services, r\u00e9sultant de l\u2019impossibilit\u00e9 d\u2019enregistrer les cookies n\u00e9cessaires au bon fonctionnement du site.<\/p>\n<p>SUPPRIMER LES COOKIES<br \/>\nVous pouvez \u00e0 tout moment supprimer les cookies pr\u00e9sents sur notre site. Pour supprimer les cookies, veuillez vous r\u00e9f\u00e9rer \u00e0 ces guides en fonction du navigateur utilis\u00e9 :<br \/>\nFirefox<br \/>\nChrome<br \/>\nSafari<br \/>\nOp\u00e9ra<br \/>\nEdge<\/p>","protected":false},"excerpt":{"rendered":"<p>Conform\u00e9ment aux dispositions de la loi n\u00b0 2004-575 du 21 juin 2004 pour la confiance en l&rsquo;\u00e9conomie num\u00e9rique, il est pr\u00e9cis\u00e9 aux utilisateurs du site Distillerie -Maralpa l&rsquo;identit\u00e9 des diff\u00e9rents intervenants dans le cadre de sa r\u00e9alisation et de son suivi. Edition du site : Le pr\u00e9sent site, accessible \u00e0 l\u2019URL www.distillerie-maralpa.fr (le \u00ab Site [&hellip;]<\/p>","protected":false},"author":3,"featured_media":0,"parent":0,"menu_order":0,"comment_status":"closed","ping_status":"open","template":"","meta":{"inline_featured_image":false,"footnotes":""},"class_list":["post-3","page","type-page","status-publish","hentry"],"yoast_head":"<!-- This site is optimized with the Yoast SEO plugin v25.3 - https:\/\/yoast.com\/wordpress\/plugins\/seo\/ -->\n<title>Mentions l\u00e9gales - Distilllerie Maralpa<\/title>\n<meta name=\"robots\" content=\"index, follow, max-snippet:-1, max-image-preview:large, max-video-preview:-1\" \/>\n<link rel=\"canonical\" href=\"https:\/\/distillerie-maralpa.fr\/en\/mentions-legales\/\" \/>\n<meta property=\"og:locale\" content=\"en_GB\" \/>\n<meta property=\"og:type\" content=\"article\" \/>\n<meta property=\"og:title\" content=\"Mentions l\u00e9gales - Distilllerie Maralpa\" \/>\n<meta property=\"og:description\" content=\"Conform\u00e9ment aux dispositions de la loi n\u00b0 2004-575 du 21 juin 2004 pour la confiance en l&rsquo;\u00e9conomie num\u00e9rique, il est pr\u00e9cis\u00e9 aux utilisateurs du site Distillerie -Maralpa l&rsquo;identit\u00e9 des diff\u00e9rents intervenants dans le cadre de sa r\u00e9alisation et de son suivi. Edition du site : Le pr\u00e9sent site, accessible \u00e0 l\u2019URL www.distillerie-maralpa.fr (le \u00ab Site [&hellip;]\" \/>\n<meta property=\"og:url\" content=\"https:\/\/distillerie-maralpa.fr\/en\/mentions-legales\/\" \/>\n<meta property=\"og:site_name\" content=\"Distilllerie Maralpa\" \/>\n<meta property=\"article:publisher\" content=\"https:\/\/www.facebook.com\/DistillerieMaralpa\" \/>\n<meta property=\"article:modified_time\" content=\"2024-04-25T17:53:28+00:00\" \/>\n<meta property=\"og:image\" content=\"https:\/\/distillerie-maralpa.fr\/wp-content\/uploads\/2024\/05\/cropped-MARALPA-LOGO-37-scaled-1.jpg\" \/>\n\t<meta property=\"og:image:width\" content=\"512\" \/>\n\t<meta property=\"og:image:height\" content=\"512\" \/>\n\t<meta property=\"og:image:type\" content=\"image\/jpeg\" \/>\n<meta name=\"twitter:card\" content=\"summary_large_image\" \/>\n<meta name=\"twitter:label1\" content=\"Estimated reading time\" \/>\n\t<meta name=\"twitter:data1\" content=\"3 minutes\" \/>\n<script type=\"application\/ld+json\" class=\"yoast-schema-graph\">{\"@context\":\"https:\/\/schema.org\",\"@graph\":[{\"@type\":\"WebPage\",\"@id\":\"https:\/\/distillerie-maralpa.fr\/mentions-legales\/\",\"url\":\"https:\/\/distillerie-maralpa.fr\/mentions-legales\/\",\"name\":\"Mentions l\u00e9gales - Distilllerie Maralpa\",\"isPartOf\":{\"@id\":\"https:\/\/distillerie-maralpa.fr\/#website\"},\"datePublished\":\"2024-02-02T11:09:56+00:00\",\"dateModified\":\"2024-04-25T17:53:28+00:00\",\"breadcrumb\":{\"@id\":\"https:\/\/distillerie-maralpa.fr\/mentions-legales\/#breadcrumb\"},\"inLanguage\":\"en-GB\",\"potentialAction\":[{\"@type\":\"ReadAction\",\"target\":[\"https:\/\/distillerie-maralpa.fr\/mentions-legales\/\"]}]},{\"@type\":\"BreadcrumbList\",\"@id\":\"https:\/\/distillerie-maralpa.fr\/mentions-legales\/#breadcrumb\",\"itemListElement\":[{\"@type\":\"ListItem\",\"position\":1,\"name\":\"Home\",\"item\":\"https:\/\/distillerie-maralpa.fr\/\"},{\"@type\":\"ListItem\",\"position\":2,\"name\":\"Mentions l\u00e9gales\"}]},{\"@type\":\"WebSite\",\"@id\":\"https:\/\/distillerie-maralpa.fr\/#website\",\"url\":\"https:\/\/distillerie-maralpa.fr\/\",\"name\":\"Distilllerie Maralpa\",\"description\":\"Distillerie Ni\u00e7oise Artisanale\",\"publisher\":{\"@id\":\"https:\/\/distillerie-maralpa.fr\/#organization\"},\"potentialAction\":[{\"@type\":\"SearchAction\",\"target\":{\"@type\":\"EntryPoint\",\"urlTemplate\":\"https:\/\/distillerie-maralpa.fr\/?s={search_term_string}\"},\"query-input\":{\"@type\":\"PropertyValueSpecification\",\"valueRequired\":true,\"valueName\":\"search_term_string\"}}],\"inLanguage\":\"en-GB\"},{\"@type\":\"Organization\",\"@id\":\"https:\/\/distillerie-maralpa.fr\/#organization\",\"name\":\"Distilllerie Maralpa\",\"url\":\"https:\/\/distillerie-maralpa.fr\/\",\"logo\":{\"@type\":\"ImageObject\",\"inLanguage\":\"en-GB\",\"@id\":\"https:\/\/distillerie-maralpa.fr\/#\/schema\/logo\/image\/\",\"url\":\"https:\/\/distillerie-maralpa.fr\/wp-content\/uploads\/2024\/05\/cropped-LOGOS-MARALPA-FONDEE-A-NICE_bleu-scaled.png\",\"contentUrl\":\"https:\/\/distillerie-maralpa.fr\/wp-content\/uploads\/2024\/05\/cropped-LOGOS-MARALPA-FONDEE-A-NICE_bleu-scaled.png\",\"width\":2194,\"height\":2560,\"caption\":\"Distilllerie Maralpa\"},\"image\":{\"@id\":\"https:\/\/distillerie-maralpa.fr\/#\/schema\/logo\/image\/\"},\"sameAs\":[\"https:\/\/www.facebook.com\/DistillerieMaralpa\",\"https:\/\/www.instagram.com\/distillerie_maralpa\/\"]}]}<\/script>\n<!-- \/ Yoast SEO plugin. -->","yoast_head_json":{"title":"Mentions l\u00e9gales - Distilllerie Maralpa","robots":{"index":"index","follow":"follow","max-snippet":"max-snippet:-1","max-image-preview":"max-image-preview:large","max-video-preview":"max-video-preview:-1"},"canonical":"https:\/\/distillerie-maralpa.fr\/en\/mentions-legales\/","og_locale":"en_GB","og_type":"article","og_title":"Mentions l\u00e9gales - Distilllerie Maralpa","og_description":"Conform\u00e9ment aux dispositions de la loi n\u00b0 2004-575 du 21 juin 2004 pour la confiance en l&rsquo;\u00e9conomie num\u00e9rique, il est pr\u00e9cis\u00e9 aux utilisateurs du site Distillerie -Maralpa l&rsquo;identit\u00e9 des diff\u00e9rents intervenants dans le cadre de sa r\u00e9alisation et de son suivi. Edition du site : Le pr\u00e9sent site, accessible \u00e0 l\u2019URL www.distillerie-maralpa.fr (le \u00ab Site [&hellip;]","og_url":"https:\/\/distillerie-maralpa.fr\/en\/mentions-legales\/","og_site_name":"Distilllerie Maralpa","article_publisher":"https:\/\/www.facebook.com\/DistillerieMaralpa","article_modified_time":"2024-04-25T17:53:28+00:00","og_image":[{"width":512,"height":512,"url":"https:\/\/distillerie-maralpa.fr\/wp-content\/uploads\/2024\/05\/cropped-MARALPA-LOGO-37-scaled-1.jpg","type":"image\/jpeg"}],"twitter_card":"summary_large_image","twitter_misc":{"Estimated reading time":"3 minutes"},"schema":{"@context":"https:\/\/schema.org","@graph":[{"@type":"WebPage","@id":"https:\/\/distillerie-maralpa.fr\/mentions-legales\/","url":"https:\/\/distillerie-maralpa.fr\/mentions-legales\/","name":"Mentions l\u00e9gales - Distilllerie Maralpa","isPartOf":{"@id":"https:\/\/distillerie-maralpa.fr\/#website"},"datePublished":"2024-02-02T11:09:56+00:00","dateModified":"2024-04-25T17:53:28+00:00","breadcrumb":{"@id":"https:\/\/distillerie-maralpa.fr\/mentions-legales\/#breadcrumb"},"inLanguage":"en-GB","potentialAction":[{"@type":"ReadAction","target":["https:\/\/distillerie-maralpa.fr\/mentions-legales\/"]}]},{"@type":"BreadcrumbList","@id":"https:\/\/distillerie-maralpa.fr\/mentions-legales\/#breadcrumb","itemListElement":[{"@type":"ListItem","position":1,"name":"Home","item":"https:\/\/distillerie-maralpa.fr\/"},{"@type":"ListItem","position":2,"name":"Mentions l\u00e9gales"}]},{"@type":"WebSite","@id":"https:\/\/distillerie-maralpa.fr\/#website","url":"https:\/\/distillerie-maralpa.fr\/","name":"Distilllerie Maralpa","description":"Distillerie Ni\u00e7oise Artisanale","publisher":{"@id":"https:\/\/distillerie-maralpa.fr\/#organization"},"potentialAction":[{"@type":"SearchAction","target":{"@type":"EntryPoint","urlTemplate":"https:\/\/distillerie-maralpa.fr\/?s={search_term_string}"},"query-input":{"@type":"PropertyValueSpecification","valueRequired":true,"valueName":"search_term_string"}}],"inLanguage":"en-GB"},{"@type":"Organization","@id":"https:\/\/distillerie-maralpa.fr\/#organization","name":"Distilllerie Maralpa","url":"https:\/\/distillerie-maralpa.fr\/","logo":{"@type":"ImageObject","inLanguage":"en-GB","@id":"https:\/\/distillerie-maralpa.fr\/#\/schema\/logo\/image\/","url":"https:\/\/distillerie-maralpa.fr\/wp-content\/uploads\/2024\/05\/cropped-LOGOS-MARALPA-FONDEE-A-NICE_bleu-scaled.png","contentUrl":"https:\/\/distillerie-maralpa.fr\/wp-content\/uploads\/2024\/05\/cropped-LOGOS-MARALPA-FONDEE-A-NICE_bleu-scaled.png","width":2194,"height":2560,"caption":"Distilllerie Maralpa"},"image":{"@id":"https:\/\/distillerie-maralpa.fr\/#\/schema\/logo\/image\/"},"sameAs":["https:\/\/www.facebook.com\/DistillerieMaralpa","https:\/\/www.instagram.com\/distillerie_maralpa\/"]}]}},"_links":{"self":[{"href":"http:\/\/distillerie-maralpa.fr\/en\/wp-json\/wp\/v2\/pages\/3","targetHints":{"allow":["GET"]}}],"collection":[{"href":"http:\/\/distillerie-maralpa.fr\/en\/wp-json\/wp\/v2\/pages"}],"about":[{"href":"http:\/\/distillerie-maralpa.fr\/en\/wp-json\/wp\/v2\/types\/page"}],"author":[{"embeddable":true,"href":"http:\/\/distillerie-maralpa.fr\/en\/wp-json\/wp\/v2\/users\/3"}],"replies":[{"embeddable":true,"href":"http:\/\/distillerie-maralpa.fr\/en\/wp-json\/wp\/v2\/comments?post=3"}],"version-history":[{"count":2,"href":"http:\/\/distillerie-maralpa.fr\/en\/wp-json\/wp\/v2\/pages\/3\/revisions"}],"predecessor-version":[{"id":26788,"href":"http:\/\/distillerie-maralpa.fr\/en\/wp-json\/wp\/v2\/pages\/3\/revisions\/26788"}],"wp:attachment":[{"href":"http:\/\/distillerie-maralpa.fr\/en\/wp-json\/wp\/v2\/media?parent=3"}],"curies":[{"name":"wp","href":"https:\/\/api.w.org\/{rel}","templated":true}]}}